{"id":37481,"date":"2025-10-13T04:53:13","date_gmt":"2025-10-13T02:53:13","guid":{"rendered":"https:\/\/smania.store\/rs\/proizvod\/akrilni-poliuretanski-vodootporni-premaz-aquacoatz-1-kg\/"},"modified":"2026-04-16T19:18:17","modified_gmt":"2026-04-16T17:18:17","slug":"akrilni-poliuretanski-vodootporni-premaz-aquacoatz-1-kg","status":"publish","type":"product","link":"https:\/\/smania.store\/rs\/proizvod\/akrilni-poliuretanski-vodootporni-premaz-aquacoatz-1-kg\/","title":{"rendered":"Akrilni poliuretanski vodootporni premaz AquaCoatz\u2122 (1 kg)"},"content":{"rendered":"<div class=\"smania_landing_description_title\">NOVO! Zaptiva i \u0161titi<\/div>\n<div class=\"smania_landing_description_txt\">Za\u0161titite svoje krovove, zidove i podove od infiltracije vode decenijama!<\/div>\n<div class=\"smania_landing_description_subtitle\">AquaCoatz\u2122, te\u010dni poliuretanski vodootporni premaz, osigurava sigurnost va\u0161eg krova u svim godi\u0161njim dobima, raznim vremenskim uslovima i ekstremnim temperaturama. Zaboravite na curenje vode i u\u017eivajte u miru vodootporne za\u0161tite.<\/div>\n<div class=\"smania_landing_description_list\">\n<ul>\n<li>Sertifikovana vodootporna za\u0161tita za krovove, podove i zidove<\/li>\n<li>Mo\u017ee se nanositi \u010detkom, valjkom ili prskalicama<\/li>\n<li>Odli\u010dna fleksibilnost pogodna za sve temperature<\/li>\n<li>Formula protiv starenja obezbe\u0111uje izuzetnu izdr\u017eljivost<\/li>\n<li>Kompatibilan sa metalnim, betonskim i asfaltnim povr\u0161inama<\/li>\n<li>Sigurna i ekolo\u0161ki prihvatljiva formula<\/li>\n<li>1 kg pokriva do 2 m2<\/li>\n<\/ul><\/div>\n","protected":false},"excerpt":{"rendered":"<p>Dugotrajna vodootpornost|Jednostavan za nano\u0161enje vodootpornog samorazlivaju\u0107eg premaza|Otpornost na ekstremne temperature od -40 do +80\u00b0C|Vrhunska otpornost na UV i vremenske uslove|Izdr\u017eljivo i sna\u017eno prianjanje na \u010dvrste povr\u0161ine|Visoka elasti\u010dnost, ne puca i ne deformi\u0161e|Pokrivenost: 2 m2 po 1 kg proizvoda|Na\u010din nano\u0161enja: \u010detka, valjak, prskalica|Primenljivi materijali: metal, beton, asfalt|Boja: siva|Sadr\u017eaj: 1 kg|Rok upotrebe: 12 meseci<\/p>\n","protected":false},"featured_media":37470,"template":"","meta":[],"product_cat":[1959],"product_tag":[1961],"acf":[],"_links":{"self":[{"href":"https:\/\/smania.store\/rs\/wp-json\/wp\/v2\/product\/37481"}],"collection":[{"href":"https:\/\/smania.store\/rs\/wp-json\/wp\/v2\/product"}],"about":[{"href":"https:\/\/smania.store\/rs\/wp-json\/wp\/v2\/types\/product"}],"wp:featuredmedia":[{"embeddable":true,"href":"https:\/\/smania.store\/rs\/wp-json\/wp\/v2\/media\/37470"}],"wp:attachment":[{"href":"https:\/\/smania.store\/rs\/wp-json\/wp\/v2\/media?parent=37481"}],"wp:term":[{"taxonomy":"product_cat","embeddable":true,"href":"https:\/\/smania.store\/rs\/wp-json\/wp\/v2\/product_cat?post=37481"},{"taxonomy":"product_tag","embeddable":true,"href":"https:\/\/smania.store\/rs\/wp-json\/wp\/v2\/product_tag?post=37481"}],"curies":[{"name":"wp","href":"https:\/\/api.w.org\/{rel}","templated":true}]}}