{"id":37469,"date":"2025-10-13T04:52:23","date_gmt":"2025-10-13T02:52:23","guid":{"rendered":"https:\/\/smania.store\/rs\/proizvod\/komplet-za-popravku-naocara-optifix\/"},"modified":"2026-01-16T20:16:45","modified_gmt":"2026-01-16T19:16:45","slug":"komplet-za-popravku-naocara-optifix","status":"publish","type":"product","link":"https:\/\/smania.store\/rs\/proizvod\/komplet-za-popravku-naocara-optifix\/","title":{"rendered":"Komplet za popravku nao\u010dara OptiFix\u2122"},"content":{"rendered":"<div class=\"smania_landing_description_title\">NOVO: Revolucionarni sve-u-jednom komplet za besprekorne nao\u010dare! <\/div>\n<div class=\"smania_landing_description_txt\">Nema potrebe da kupujete nove \u2013 popravite i pobolj\u0161ajte svoje nao\u010dare sami!<\/div>\n<div class=\"smania_landing_description_subtitle\">Umorni ste od uobi\u010dajenih problema sa nao\u010darima? Pogledajte OptiFix\u2122 komplet za popravku nao\u010dara! Sa 25 pari jastu\u010di\u0107a za nos u 5 razli\u010ditih stilova, 50 \u0161rafova, 1 par kukica za u\u0161i, pinceta, odvija\u010d, krpa od mikrovlakana i zgodna kutija za odlaganje, ima\u0107ete sve alate koji su vam potrebni da va\u0161e nao\u010dare budu super udobne i kao nove. Ne dozvolite da vam nelagodnost u okviru pokvari dan! Naru\u010dite sada i oslobodite most od nepotrebnog pritiska, obezbe\u0111uju\u0107i celodnevnu udobnost.<\/div>\n<div class=\"smania_landing_description_list\">\n<ul>\n<li>Visokokvalitetni materijali, super mekani silikon<\/li>\n<li>Pogodno za sve vrste nao\u010dara<\/li>\n<li>Spre\u010davanje klizanja u svim uslovima<\/li>\n<li>Za\u0161titite nos od pritiska i tragova<\/li>\n<li>Jednostavan za upotrebu, nula komplikacija<\/li>\n<li>Kompletno re\u0161enje sa 25 pari jastu\u010di\u0107a za nos<\/li>\n<\/ul><\/div>\n","protected":false},"excerpt":{"rendered":"<p>Brza i laka instalacija|Kompatibilan sa nao\u010darima za sunce, nao\u010darima za \u010ditanje i dioptrijskim nao\u010darima|Uklju\u010duje zavrtnje i 3-u-1 odvija\u010d (ravni, filips i \u0161estougaoni)|Maksimalne performanse protiv klizanja u bilo kojoj klimi|Ergonomski i udoban dizajn|Trenutno pobolj\u0161ava izgled i udobnost va\u0161ih nao\u010dara|Materijal jastu\u010di\u0107a za nos: silikon|Veli\u010dina kutije: 12,8 x 6,5 cm|Du\u017eina privezka za klju\u010deve \u0161rafcigera: 10,6 cm|Komplet uklju\u010duje: 25 pari jastu\u010di\u0107a za nos, 50 \u0161rafova, 1 par kukica za u\u0161i, pincetu, \u0161rafciger, krpu za \u010di\u0161\u0107enje, kutiju za odlaganje<\/p>\n","protected":false},"featured_media":37459,"template":"","meta":[],"product_cat":[1840],"product_tag":[],"acf":[],"_links":{"self":[{"href":"https:\/\/smania.store\/rs\/wp-json\/wp\/v2\/product\/37469"}],"collection":[{"href":"https:\/\/smania.store\/rs\/wp-json\/wp\/v2\/product"}],"about":[{"href":"https:\/\/smania.store\/rs\/wp-json\/wp\/v2\/types\/product"}],"wp:featuredmedia":[{"embeddable":true,"href":"https:\/\/smania.store\/rs\/wp-json\/wp\/v2\/media\/37459"}],"wp:attachment":[{"href":"https:\/\/smania.store\/rs\/wp-json\/wp\/v2\/media?parent=37469"}],"wp:term":[{"taxonomy":"product_cat","embeddable":true,"href":"https:\/\/smania.store\/rs\/wp-json\/wp\/v2\/product_cat?post=37469"},{"taxonomy":"product_tag","embeddable":true,"href":"https:\/\/smania.store\/rs\/wp-json\/wp\/v2\/product_tag?post=37469"}],"curies":[{"name":"wp","href":"https:\/\/api.w.org\/{rel}","templated":true}]}}