{"id":37458,"date":"2025-10-13T04:50:51","date_gmt":"2025-10-13T02:50:51","guid":{"rendered":"https:\/\/smania.store\/rs\/proizvod\/stairpup-sklopiva-rampa-za-kucne-ljubimce-sa-4-stepenice\/"},"modified":"2026-03-28T14:46:43","modified_gmt":"2026-03-28T13:46:43","slug":"stairpup-sklopiva-rampa-za-kucne-ljubimce-sa-4-stepenice","status":"publish","type":"product","link":"https:\/\/smania.store\/rs\/proizvod\/stairpup-sklopiva-rampa-za-kucne-ljubimce-sa-4-stepenice\/","title":{"rendered":"StairPup\u2122 sklopiva rampa za kuc\u0301ne ljubimce sa 4 stepenice"},"content":{"rendered":"<div class=\"smania_landing_description_title\">NOVO \u2013 StairPup\u2122 sklopiva rampa za kuc\u0301ne ljubimce sa 4 stepenice<\/div>\n<div class=\"smania_landing_description_txt\">Dajte svom ljubimcu slobodu i bezbednost za nekoliko sekundi!<\/div>\n<div class=\"smania_landing_description_subtitle\"> Ljubitelji ku\u0107nih ljubimaca, recite zbogom nepotrebnim naporima! Sa StairPup\u2122-om, va\u0161 ljubimac mo\u017ee lako da se penje i silazi, bez stresa i bez potrebe za pomo\u0107i. Savr\u0161ena za starije pse ili pse sa pote\u0161ko\u0107ama u kretanju, ova podesiva rampa nudi udobnost i bezbednost u svakoj situaciji. Neophodan dodatak za svakog vlasnika koji brine o dobrobiti svog \u010detvorono\u017enog prijatelja!<\/div>\n<div class=\"smania_landing_description_list\">\n<ul>\n<li>Poma\u017ee va\u0161em psu da se bez napora penje i silazi \u2013 savr\u0161eno za ku\u0107ne ljubimce sa pote\u0161ko\u0107ama u kretanju<\/li>\n<li>Idealno za penjanje u automobil, na kau\u010d, u krevet ili na druge podignute povr\u0161ine<\/li>\n<li>Neophodno za starije pse sa artritisom ili problemima sa zglobovima<\/li>\n<li>Sklopiva i ultralagan \u2013 te\u017ei samo 5 kg, lak za no\u0161enje i skladi\u0161tenje<\/li>\n<li>Pogodno za pse svih veli\u010dina, nosi do 80 kg<\/li>\n<li>Neklizaju\u0107a povr\u0161ina za bezbedno penjanje u svim uslovima<\/li>\n<\/ul><\/div>\n","protected":false},"excerpt":{"rendered":"<p>Kompaktan dizajn koji \u0161tedi prostor|Idealno za male i velike \u017eivotinje|Stabilna i sigurna konstrukcija|Lako se sklapa i nosi|Mo\u017ee se koristiti u autu, kod ku\u0107e i gde god je potrebno|Maksimalna podr\u017eana te\u017eina: 80 kg|Podesiva visina: 56-76 cm|Dimenzije otvorenog: 47 x 101 x 76 cm|Dimenzije zatvoreno: 47 x 12 x 40 cm|Te\u017eina proizvoda: 5 kg|Boja: Crna<\/p>\n","protected":false},"featured_media":37448,"template":"","meta":[],"product_cat":[20],"product_tag":[],"acf":[],"_links":{"self":[{"href":"https:\/\/smania.store\/rs\/wp-json\/wp\/v2\/product\/37458"}],"collection":[{"href":"https:\/\/smania.store\/rs\/wp-json\/wp\/v2\/product"}],"about":[{"href":"https:\/\/smania.store\/rs\/wp-json\/wp\/v2\/types\/product"}],"wp:featuredmedia":[{"embeddable":true,"href":"https:\/\/smania.store\/rs\/wp-json\/wp\/v2\/media\/37448"}],"wp:attachment":[{"href":"https:\/\/smania.store\/rs\/wp-json\/wp\/v2\/media?parent=37458"}],"wp:term":[{"taxonomy":"product_cat","embeddable":true,"href":"https:\/\/smania.store\/rs\/wp-json\/wp\/v2\/product_cat?post=37458"},{"taxonomy":"product_tag","embeddable":true,"href":"https:\/\/smania.store\/rs\/wp-json\/wp\/v2\/product_tag?post=37458"}],"curies":[{"name":"wp","href":"https:\/\/api.w.org\/{rel}","templated":true}]}}