{"id":37437,"date":"2025-10-13T04:49:53","date_gmt":"2025-10-13T02:49:53","guid":{"rendered":"https:\/\/smania.store\/rs\/proizvod\/stickavai-sprej-za-uklanjanje-nalepnica\/"},"modified":"2025-12-13T19:30:32","modified_gmt":"2025-12-13T18:30:32","slug":"stickavai-sprej-za-uklanjanje-nalepnica","status":"publish","type":"product","link":"https:\/\/smania.store\/rs\/proizvod\/stickavai-sprej-za-uklanjanje-nalepnica\/","title":{"rendered":"StickAvai sprej za uklanjanje nalepnica"},"content":{"rendered":"<div class=\"smania_landing_description_title\">NOVO! Magi\u010dno sredstvo za uklanjanje ostataka nalepnica<\/div>\n<div class=\"smania_landing_description_txt\">Poprskajte, olju\u0161tite i nalepnica je nestala!<\/div>\n<div class=\"smania_landing_description_subtitle\">Ovaj sprej za uklanjanje nalepnica je brzo deluju\u0107e re\u0161enje za uklanjanje tvrdokornih nalepnica, etiketa i ostataka lepka sa razli\u010ditih povr\u0161ina, uklju\u010duju\u0107i vetrobranska stakla, branike, ure\u0111aje i kuhinjsko posu\u0111e. Njegova posebna formula prodire u lepljive spojeve, \u0161to olak\u0161ava uklanjanje i ostavlja povr\u0161ine \u010distim i neo\u0161te\u0107enim. Netoksi\u010dan je i bez jakih hemikalija, bezbedan je za boju, vinil i tkanine, idealan za ku\u0107nu upotrebu i popravku karoserije. Jednostavno poprskajte, sa\u010dekajte nekoliko minuta i lako se odlepite \u2013 savr\u0161eno za \u010di\u0161\u0107enje nalepnica bez muke.<\/div>\n<div class=\"smania_landing_description_list\">\n<ul>\n<li>Mo\u0107no dejstvo rastvara\u010da: Me\u0161avina neabrazivnih rastvara\u010da brzo rastvara ostatke lepka, \u0161to ga \u010dini idealnim rastvara\u010dem za reaktivne lepkove kao \u0161to su epoksidi, uretani i silikoni<\/li>\n<li>Svestrano i jednostavno za upotrebu: Sa formulom koja se nanosi i bri\u0161e, spremno je za upotrebu bez me\u0161anja<\/li>\n<li>Industrijsko \u010di\u0161\u0107enje: Formulisano za intenzivnu upotrebu, sredstvo za \u010di\u0161\u0107enje lepka ne samo da uklanja tvrdokorne ostatke, ve\u0107 i obnavlja izgled povr\u0161ine<\/li>\n<li>Bezbedno i efikasno: Pru\u017ea bezbednost za \u0161irok spektar povr\u0161ina, bezbedno je za farbane povr\u0161ine, vinil, tkaninu i jo\u0161 mnogo toga<\/li>\n<li>Potpuna kompatibilnost sa povr\u0161inama: Sveobuhvatno re\u0161enje za uklanjanje lepka osigurava da povr\u0161ine predmeta nisu o\u0161te\u0107ene<\/li>\n<li>Netoksi\u010dno i nekorozivno: Bez hlorisanih rastvara\u010da i benzena<\/li>\n<\/ul><\/div>\n","protected":false},"excerpt":{"rendered":"<p>Brzo i lako rastvara etikete, nalepnice i ostatke lepka|Netoksi\u010dna i nekorozivna formula, bezbedna za upotrebu na vi\u0161e povr\u0161ina|Jak prema ostacima lepka, ali ne\u017ean prema boji, plastici, vinilu i tkanini|Jednostavno za upotrebu: poprskajte, ostavite da deluje nekoliko minuta i olju\u0161tite|Zapremina: 450 ml|Rok trajanja: 3 godine<\/p>\n","protected":false},"featured_media":37427,"template":"","meta":[],"product_cat":[1959],"product_tag":[1962],"acf":[],"_links":{"self":[{"href":"https:\/\/smania.store\/rs\/wp-json\/wp\/v2\/product\/37437"}],"collection":[{"href":"https:\/\/smania.store\/rs\/wp-json\/wp\/v2\/product"}],"about":[{"href":"https:\/\/smania.store\/rs\/wp-json\/wp\/v2\/types\/product"}],"wp:featuredmedia":[{"embeddable":true,"href":"https:\/\/smania.store\/rs\/wp-json\/wp\/v2\/media\/37427"}],"wp:attachment":[{"href":"https:\/\/smania.store\/rs\/wp-json\/wp\/v2\/media?parent=37437"}],"wp:term":[{"taxonomy":"product_cat","embeddable":true,"href":"https:\/\/smania.store\/rs\/wp-json\/wp\/v2\/product_cat?post=37437"},{"taxonomy":"product_tag","embeddable":true,"href":"https:\/\/smania.store\/rs\/wp-json\/wp\/v2\/product_tag?post=37437"}],"curies":[{"name":"wp","href":"https:\/\/api.w.org\/{rel}","templated":true}]}}