{"id":37426,"date":"2025-10-13T04:48:50","date_gmt":"2025-10-13T02:48:50","guid":{"rendered":"https:\/\/smania.store\/rs\/proizvod\/solidmax-sredstvo-za-ciscenje-kamenca\/"},"modified":"2026-03-04T07:22:05","modified_gmt":"2026-03-04T06:22:05","slug":"solidmax-sredstvo-za-ciscenje-kamenca","status":"publish","type":"product","link":"https:\/\/smania.store\/rs\/proizvod\/solidmax-sredstvo-za-ciscenje-kamenca\/","title":{"rendered":"SolidMax \u2013 Sredstvo za \u010di\u0161\u0107enje kamenca"},"content":{"rendered":"<div class=\"smania_landing_description_title\">NOVO! Neprijatelj tvrdokornog kamenca!<\/div>\n<div class=\"smania_landing_description_txt\">Neverovatna \u010disto\u0107a u 3 koraka<\/div>\n<div class=\"smania_landing_description_subtitle\">Umorni ste od sati ribanja? SolidMaks magi\u010dno sredstvo za \u010di\u0161\u0107enje \u010dini \u010di\u0161\u0107enje zadovoljstvom! Ova inovativna formula lako rastvara kamenca, kalcijuma i drugih mrlja od tvrde vode, pa \u010dak i formira za\u0161titni sloj kako bi spre\u010dila budu\u0107e naslage! Samo nanesite, ostavite da deluje i obri\u0161ite mrlje bez muke. U\u010dinite \u010di\u0161\u0107enje lakim i prijatnim uz SolidMaks!<\/div>\n<div class=\"smania_landing_description_list\">\n<ul>\n<li>Lako rastvara kamenca<\/li>\n<li>Uklanja mrlje od kalcijuma i tvrde vode<\/li>\n<li>Za\u0161titni sloj od naknadnih naslaga<\/li>\n<li>Jednostavan za upotrebu, nije potrebno ribanje<\/li>\n<li>Brzi i efikasni rezultati<\/li>\n<li>\u010cisti kade, slavine, sudopere i bidee<\/li>\n<\/ul><\/div>\n","protected":false},"excerpt":{"rendered":"<p>Trenutni efekat za nekoliko minuta|Ne\u017eno prema povr\u0161inama|Dugotrajna \u010disto\u0107a|Jednostavna primena|Profesionalno \u010di\u0161\u0107enje kod ku\u0107e|Nema vi\u0161e tvrdokornih mrlja|Vi\u0161e za\u0161tite, manje posla|Bori se sa najtvrdokornijim vodenim kamenjem<\/p>\n","protected":false},"featured_media":37415,"template":"","meta":[],"product_cat":[16,1959],"product_tag":[],"acf":[],"_links":{"self":[{"href":"https:\/\/smania.store\/rs\/wp-json\/wp\/v2\/product\/37426"}],"collection":[{"href":"https:\/\/smania.store\/rs\/wp-json\/wp\/v2\/product"}],"about":[{"href":"https:\/\/smania.store\/rs\/wp-json\/wp\/v2\/types\/product"}],"wp:featuredmedia":[{"embeddable":true,"href":"https:\/\/smania.store\/rs\/wp-json\/wp\/v2\/media\/37415"}],"wp:attachment":[{"href":"https:\/\/smania.store\/rs\/wp-json\/wp\/v2\/media?parent=37426"}],"wp:term":[{"taxonomy":"product_cat","embeddable":true,"href":"https:\/\/smania.store\/rs\/wp-json\/wp\/v2\/product_cat?post=37426"},{"taxonomy":"product_tag","embeddable":true,"href":"https:\/\/smania.store\/rs\/wp-json\/wp\/v2\/product_tag?post=37426"}],"curies":[{"name":"wp","href":"https:\/\/api.w.org\/{rel}","templated":true}]}}