{"id":37377,"date":"2025-10-13T04:45:30","date_gmt":"2025-10-13T02:45:30","guid":{"rendered":"https:\/\/smania.store\/rs\/proizvod\/cozymama-naduvni-jastuk-za-trudnice\/"},"modified":"2026-04-16T06:38:39","modified_gmt":"2026-04-16T04:38:39","slug":"cozymama-naduvni-jastuk-za-trudnice","status":"publish","type":"product","link":"https:\/\/smania.store\/rs\/proizvod\/cozymama-naduvni-jastuk-za-trudnice\/","title":{"rendered":"CozyMama\u2122 naduvni jastuk za trudnice"},"content":{"rendered":"<div class=\"smania_landing_description_title\">NOVO: Udobnost za budu\u0107e mame<\/div>\n<div class=\"smania_landing_description_txt\">Do\u017eivite neuporedivu udobnost i olak\u0161anje za stomak!<\/div>\n<div class=\"smania_landing_description_subtitle\">Recite zbogom nemirnim no\u0107ima i bolovima u le\u0111ima, budu\u0107e majke!<\/div>\n<div class=\"smania_landing_description_list\">\n<ul>\n<li>Podr\u017eava optimalan polo\u017eaj fetusa<\/li>\n<li>Trenutno ubla\u017eava bol u donjem delu le\u0111a<\/li>\n<li>Promovi\u0161e bolji kapacitet plu\u0107a<\/li>\n<li>Smanjuje carske rezove i poro\u0111ajne bolove<\/li>\n<li>Idealne veli\u010dine za maksimalnu podr\u0161ku<\/li>\n<\/ul><\/div>\n","protected":false},"excerpt":{"rendered":"<p>Pobolj\u0161ava kvalitet sna|Pobolj\u0161ava zdravlje majke i fetusa|Podsti\u010de opu\u0161tene polo\u017eaje za odmor|Lako se \u010disti i odr\u017eava|Boja: ru\u017ei\u010dasta|Materijal: PVC, pamuk|Dimenzije: 170 x 65 x 22 cm|Nosivost: 125 kg<\/p>\n","protected":false},"featured_media":37364,"template":"","meta":[],"product_cat":[16,17],"product_tag":[1549,1907],"acf":[],"_links":{"self":[{"href":"https:\/\/smania.store\/rs\/wp-json\/wp\/v2\/product\/37377"}],"collection":[{"href":"https:\/\/smania.store\/rs\/wp-json\/wp\/v2\/product"}],"about":[{"href":"https:\/\/smania.store\/rs\/wp-json\/wp\/v2\/types\/product"}],"wp:featuredmedia":[{"embeddable":true,"href":"https:\/\/smania.store\/rs\/wp-json\/wp\/v2\/media\/37364"}],"wp:attachment":[{"href":"https:\/\/smania.store\/rs\/wp-json\/wp\/v2\/media?parent=37377"}],"wp:term":[{"taxonomy":"product_cat","embeddable":true,"href":"https:\/\/smania.store\/rs\/wp-json\/wp\/v2\/product_cat?post=37377"},{"taxonomy":"product_tag","embeddable":true,"href":"https:\/\/smania.store\/rs\/wp-json\/wp\/v2\/product_tag?post=37377"}],"curies":[{"name":"wp","href":"https:\/\/api.w.org\/{rel}","templated":true}]}}