{"id":37337,"date":"2025-10-13T04:44:12","date_gmt":"2025-10-13T02:44:12","guid":{"rendered":"https:\/\/smania.store\/rs\/proizvod\/babyhip-nosiljka-za-bebe-sa-sedistem-na-kukovima\/"},"modified":"2026-03-01T22:31:21","modified_gmt":"2026-03-01T21:31:21","slug":"babyhip-nosiljka-za-bebe-sa-sedistem-na-kukovima","status":"publish","type":"product","link":"https:\/\/smania.store\/rs\/proizvod\/babyhip-nosiljka-za-bebe-sa-sedistem-na-kukovima\/","title":{"rendered":"BabyHip\u2122 Nosiljka za bebe sa sedi\u0161tem na kukovima"},"content":{"rendered":"<div class=\"smania_landing_description_title\">NOVO: Nema vi\u0161e nezdravog dr\u017eanja i bolnih le\u0111a!<\/div>\n<div class=\"smania_landing_description_txt\">Odmorite le\u0111a! Nosite bebu bez napora!<\/div>\n<div class=\"smania_landing_description_subtitle\">Pravilno rasporedite te\u017einu bebe i izbegavajte bolove u le\u0111ima, ramenima i rukama!<\/div>\n<div class=\"smania_landing_description_list\">\n<ul>\n<li>Ubla\u017eava napetost u le\u0111ima, ramenima i rukama<\/li>\n<li>Idealno za bebe do 36 meseci<\/li>\n<li>Produ\u017eava struk za 20 cm za savr\u0161eno prileganje<\/li>\n<li>Ergonomski polo\u017eaj \u201eM\u201c osigurava zdrav razvoj<\/li>\n<li>Napravljeno od visokokvalitetnog, pamuka prijatnog za ko\u017eu<\/li>\n<li>Mo\u017ee se prati u ma\u0161ini<\/li>\n<\/ul><\/div>\n","protected":false},"excerpt":{"rendered":"<p>Sertifikovana garancija bezbednosti i kvaliteta|Prozra\u010dna tkanina za vrhunsku udobnost|Odvojivi dizajn se prilago\u0111ava kako beba raste|Dizajnirano i za mame i za tate|Boja: siva|Materijal: pamuk|Uzrast bebe: od 3 do 36 meseci|Obim struka: do 152 cm<\/p>\n","protected":false},"featured_media":37326,"template":"","meta":[],"product_cat":[17],"product_tag":[1550,1907],"acf":[],"_links":{"self":[{"href":"https:\/\/smania.store\/rs\/wp-json\/wp\/v2\/product\/37337"}],"collection":[{"href":"https:\/\/smania.store\/rs\/wp-json\/wp\/v2\/product"}],"about":[{"href":"https:\/\/smania.store\/rs\/wp-json\/wp\/v2\/types\/product"}],"wp:featuredmedia":[{"embeddable":true,"href":"https:\/\/smania.store\/rs\/wp-json\/wp\/v2\/media\/37326"}],"wp:attachment":[{"href":"https:\/\/smania.store\/rs\/wp-json\/wp\/v2\/media?parent=37337"}],"wp:term":[{"taxonomy":"product_cat","embeddable":true,"href":"https:\/\/smania.store\/rs\/wp-json\/wp\/v2\/product_cat?post=37337"},{"taxonomy":"product_tag","embeddable":true,"href":"https:\/\/smania.store\/rs\/wp-json\/wp\/v2\/product_tag?post=37337"}],"curies":[{"name":"wp","href":"https:\/\/api.w.org\/{rel}","templated":true}]}}