{"id":37302,"date":"2025-10-13T04:42:53","date_gmt":"2025-10-13T02:42:53","guid":{"rendered":"https:\/\/smania.store\/rs\/proizvod\/dryhut-pametna-sklopiva-susarica-za-ves\/"},"modified":"2025-11-08T15:38:30","modified_gmt":"2025-11-08T14:38:30","slug":"dryhut-pametna-sklopiva-susarica-za-ves","status":"publish","type":"product","link":"https:\/\/smania.store\/rs\/proizvod\/dryhut-pametna-sklopiva-susarica-za-ves\/","title":{"rendered":"Dryhut\u2122 pametna sklopiva su\u0161arica za ve\u0161"},"content":{"rendered":"<div class=\"smania_landing_description_title\">NOVO! Revolucioni\u0161ite svoj ve\u0161<\/div>\n<div class=\"smania_landing_description_txt\">Osu\u0161ite svoj ve\u0161 za samo 20 minuta!<\/div>\n<div class=\"smania_landing_description_subtitle\">Pretvorite svoju rutinu pranja ve\u0161a u lako\u0107u uz Dryhut\u2122. Nema potrebe za te\u0161kim aparatima \u2014 ovaj prenosivi elektri\u010dni ure\u0111aj su\u0161i do 9 odevnih predmeta brzinom munje. Recite zbogom muci i pozdravite inovacije \u2014 trenutno!<\/div>\n<div class=\"smania_landing_description_list\">\n<ul>\n<li>Ultrabrzo su\u0161enje za samo 20 minuta<\/li>\n<li>Mo\u017ee da primi do 9 komada ode\u0107e<\/li>\n<li>Kompaktan dizajn, idealan za male prostore<\/li>\n<li>Ekolo\u0161ki prihvatljivo, smanjuje potro\u0161nju energije<\/li>\n<li>Jednostavno pode\u0161avanje, spremno za upotrebu bilo gde<\/li>\n<li>\u010cuva kvalitet va\u0161ih tkanina<\/li>\n<\/ul><\/div>\n","protected":false},"excerpt":{"rendered":"<p>Su\u0161i se bez nabora|Prenosiv i dizajn pogodan za putovanja|Pogodno za potrebe brzog su\u0161enja|Nije potreban konopac za ve\u0161|Tehnologija za u\u0161tedu energije|Moderan i elegantan izgled|Idealno za \u017eivot u stanu|Podr\u017eava odr\u017eivi na\u010din \u017eivota<\/p>\n","protected":false},"featured_media":37293,"template":"","meta":[],"product_cat":[16],"product_tag":[1549],"acf":[],"_links":{"self":[{"href":"https:\/\/smania.store\/rs\/wp-json\/wp\/v2\/product\/37302"}],"collection":[{"href":"https:\/\/smania.store\/rs\/wp-json\/wp\/v2\/product"}],"about":[{"href":"https:\/\/smania.store\/rs\/wp-json\/wp\/v2\/types\/product"}],"wp:featuredmedia":[{"embeddable":true,"href":"https:\/\/smania.store\/rs\/wp-json\/wp\/v2\/media\/37293"}],"wp:attachment":[{"href":"https:\/\/smania.store\/rs\/wp-json\/wp\/v2\/media?parent=37302"}],"wp:term":[{"taxonomy":"product_cat","embeddable":true,"href":"https:\/\/smania.store\/rs\/wp-json\/wp\/v2\/product_cat?post=37302"},{"taxonomy":"product_tag","embeddable":true,"href":"https:\/\/smania.store\/rs\/wp-json\/wp\/v2\/product_tag?post=37302"}],"curies":[{"name":"wp","href":"https:\/\/api.w.org\/{rel}","templated":true}]}}