{"id":37292,"date":"2025-10-13T04:42:27","date_gmt":"2025-10-13T02:42:27","guid":{"rendered":"https:\/\/smania.store\/rs\/proizvod\/lightflower-drveni-plafonski-led-ventilator-e27-grlo\/"},"modified":"2026-04-21T17:11:38","modified_gmt":"2026-04-21T15:11:38","slug":"lightflower-drveni-plafonski-led-ventilator-e27-grlo","status":"publish","type":"product","link":"https:\/\/smania.store\/rs\/proizvod\/lightflower-drveni-plafonski-led-ventilator-e27-grlo\/","title":{"rendered":"LightFlower\u2122 drveni plafonski LED ventilator (E27 grlo)"},"content":{"rendered":"<div class=\"smania_landing_description_title\">NOVO: Revolucioni\u0161ite svoje svakodnevne zadatke<\/div>\n<div class=\"smania_landing_description_txt\">Transformi\u0161ite svoj prostor uz stil bez napora!<\/div>\n<div class=\"smania_landing_description_subtitle\">Predstavljamo vam LightFlower\u2122 \u2013 savr\u0161eno \u010dudo sa dvostrukom funkcijom koje transformi\u0161e va\u0161 \u017eivotni prostor u oazu udobnosti i stila! Zamislite ventilator koji se tako lako instalira i svestran je da se besprekorno uklapa u va\u0161 \u017eivot bez potrebe za stru\u010dnom pomo\u0107i. Va\u0161 dom sada mo\u017ee posti\u0107i vrhunac udobnosti jednostavnim klikom!<\/div>\n<div class=\"smania_landing_description_list\">\n<ul>\n<li>Dvostruka funkcija: Kombinacija svetla i ventilatora<\/li>\n<li>Jednostavna instalacija: Nije potrebno o\u017ei\u010denje<\/li>\n<li>Prilagodljiva udobnost: 3 brzine i re\u017eimi osvetljenja<\/li>\n<li>Ekolo\u0161ki prihvatljive u\u0161tede: Energetski efikasan dizajn<\/li>\n<li>Idealna veli\u010dina: pre\u010dnik 52 cm<\/li>\n<li>Svestrana upotreba: Idealno za svaku prostoriju<\/li>\n<\/ul><\/div>\n","protected":false},"excerpt":{"rendered":"<p>Jednostavna trenutna instalacija|Prakti\u010dnost daljinskog upravlja\u010da|Tihi, glatki rad|Prozra\u010dna udobnost u svakom uglu|Stilan i moderan dizajn|Daljinski upravlja\u010d (ne uklju\u010duje baterije)|Visoka luminoznost: 2000 lumena|Podesiva boja svetla: 3000K-6500K|Brzina ventilatora: 3 brzine|Grlo: E27<\/p>\n","protected":false},"featured_media":37280,"template":"","meta":[],"product_cat":[16,23],"product_tag":[1549],"acf":[],"_links":{"self":[{"href":"https:\/\/smania.store\/rs\/wp-json\/wp\/v2\/product\/37292"}],"collection":[{"href":"https:\/\/smania.store\/rs\/wp-json\/wp\/v2\/product"}],"about":[{"href":"https:\/\/smania.store\/rs\/wp-json\/wp\/v2\/types\/product"}],"wp:featuredmedia":[{"embeddable":true,"href":"https:\/\/smania.store\/rs\/wp-json\/wp\/v2\/media\/37280"}],"wp:attachment":[{"href":"https:\/\/smania.store\/rs\/wp-json\/wp\/v2\/media?parent=37292"}],"wp:term":[{"taxonomy":"product_cat","embeddable":true,"href":"https:\/\/smania.store\/rs\/wp-json\/wp\/v2\/product_cat?post=37292"},{"taxonomy":"product_tag","embeddable":true,"href":"https:\/\/smania.store\/rs\/wp-json\/wp\/v2\/product_tag?post=37292"}],"curies":[{"name":"wp","href":"https:\/\/api.w.org\/{rel}","templated":true}]}}