{"id":37268,"date":"2025-10-13T04:40:00","date_gmt":"2025-10-13T02:40:00","guid":{"rendered":"https:\/\/smania.store\/rs\/proizvod\/drivewaypro-sredstvo-za-obnavljanje-asfalta-1-l-4-6-m2\/"},"modified":"2026-04-11T05:02:04","modified_gmt":"2026-04-11T03:02:04","slug":"drivewaypro-sredstvo-za-obnavljanje-asfalta-1-l-4-6-m2","status":"publish","type":"product","link":"https:\/\/smania.store\/rs\/proizvod\/drivewaypro-sredstvo-za-obnavljanje-asfalta-1-l-4-6-m2\/","title":{"rendered":"DrivewayPRO\u2122 sredstvo za obnavljanje asfalta \u2013 1 l \/ 4-6 m\u00b2"},"content":{"rendered":"<div class=\"smania_landing_description_title\">NOVO: DrivewayPRO\u2122 sredstvo za obnavljanje asfalta<\/div>\n<div class=\"smania_landing_description_txt\">Obnovite svoj prilaz u trenutku<\/div>\n<div class=\"smania_landing_description_subtitle\">Da li vam prilaz izgleda istro\u0161eno? DrivewayPRO\u2122 je vrhunsko re\u0161enje za obnavljanje i za\u0161titu asfaltnih i betonskih povr\u0161ina. Zahvaljuju\u0107i svojoj otpornosti na nepovoljne vremenske uslove, promene temperature, pucanje i UV o\u0161te\u0107enja, DrivewayPRO\u2122 ne samo da pobolj\u0161ava izgled va\u0161eg prilaza, ve\u0107 pru\u017ea i dugotrajnu hidroizolaciju i za\u0161titu.<\/div>\n<div class=\"smania_landing_description_list\">\n<ul>\n<li>Zatvara i ja\u010da povr\u0161inu<\/li>\n<li>Otporno na ki\u0161u, toplotu i mraz<\/li>\n<li>Obnavlja prilaze \u2013 originalni izgled asfalta i betona<\/li>\n<li>UV za\u0161tita \u2013 spre\u010dava ble\u0111enje i o\u0161te\u0107enja<\/li>\n<li>Vodoodbojno \u2013 spre\u010dava prodiranje vlage<\/li>\n<li>Produ\u017eeni vek trajanja \u2013 \u010duva i ja\u010da povr\u0161inu<\/li>\n<\/ul><\/div>\n","protected":false},"excerpt":{"rendered":"<p>VISOKE PERFORMANSE \u2013 Specijalno formulisano za asfaltne puteve|IZDR\u017dLjIVO \u2013 Izdr\u017eljiv crni sloj niskog sjaja|ZA\u0160TITNO \u2013 \u0160titi od vremenskih uslova, prosipanja i rasta korova|JEDNOSTAVNO ZA UPOTREBU \u2013 Jednostavna aplikacija za rezultate bez problema|BRZO SU\u0160ENjE \u2013 Spremno za upotrebu za samo 4 sata|Boja \u2013 crna|Zapremina te\u010dnosti \u2013 1 l|Pokrivenost \u2013 Do 6 m\u00b2|Vreme su\u0161enja \u2013 4 sata za upotrebu|Nano\u0161enje \u2013 \u010detka, valjak ili prskanje<\/p>\n","protected":false},"featured_media":37257,"template":"","meta":[],"product_cat":[1959],"product_tag":[1960,1961],"acf":[],"_links":{"self":[{"href":"https:\/\/smania.store\/rs\/wp-json\/wp\/v2\/product\/37268"}],"collection":[{"href":"https:\/\/smania.store\/rs\/wp-json\/wp\/v2\/product"}],"about":[{"href":"https:\/\/smania.store\/rs\/wp-json\/wp\/v2\/types\/product"}],"wp:featuredmedia":[{"embeddable":true,"href":"https:\/\/smania.store\/rs\/wp-json\/wp\/v2\/media\/37257"}],"wp:attachment":[{"href":"https:\/\/smania.store\/rs\/wp-json\/wp\/v2\/media?parent=37268"}],"wp:term":[{"taxonomy":"product_cat","embeddable":true,"href":"https:\/\/smania.store\/rs\/wp-json\/wp\/v2\/product_cat?post=37268"},{"taxonomy":"product_tag","embeddable":true,"href":"https:\/\/smania.store\/rs\/wp-json\/wp\/v2\/product_tag?post=37268"}],"curies":[{"name":"wp","href":"https:\/\/api.w.org\/{rel}","templated":true}]}}