{"id":36468,"date":"2025-05-23T08:21:57","date_gmt":"2025-05-23T06:21:57","guid":{"rendered":"https:\/\/smania.store\/rs\/proizvod\/sklopiva-polica-za-kupatilo-bathlux\/"},"modified":"2026-04-14T19:25:31","modified_gmt":"2026-04-14T17:25:31","slug":"sklopiva-polica-za-kupatilo-bathlux","status":"publish","type":"product","link":"https:\/\/smania.store\/rs\/proizvod\/sklopiva-polica-za-kupatilo-bathlux\/","title":{"rendered":"Sklopiva polica za kupatilo BathLux\u2122"},"content":{"rendered":"<div class=\"smania_landing_description_title\">NOVO: U\u0161tedite prostor, pove\u0107ajte udobnost<\/div>\n<div class=\"smania_landing_description_txt\">Uvedite red u svoje kupatilo bez zauzimanja prostora!<\/div>\n<div class=\"smania_landing_description_subtitle\">Unesite eleganciju i red sa na\u0161im zidnim sklopivim postoljem za kupatilo BathLux\u2122. Napravljen od izdr\u017eljivog aluminijuma, ovaj zidni nosa\u010d je obavezan dodatak za va\u0161e kupatilo, spava\u0107u sobu ili kuhinju! \u010cvrst je, ali lagan i ima neverovatno veliku nosivost. Osim toga, suptilno se sklapa uz zid, osloba\u0111aju\u0107i dragoceni podni prostor kada je to potrebno. Idealno za male ili velike domove.<\/div>\n<div class=\"smania_landing_description_list\">\n<ul>\n<li>Organizujte svoj prostor besprekorno<\/li>\n<li>Napravljen od laganog, ali \u010dvrstog aluminijuma<\/li>\n<li>Brza i laka instalacija sa uklj. usisne \u010da\u0161e<\/li>\n<li>Minimalisti\u010dki dizajn koji odgovara svakom domu<\/li>\n<li>Idealan za kupatilo, kuhinju i jo\u0161 mnogo toga<\/li>\n<li>PA\u017dNJA: kuke za ka\u010denje nisu uklju\u010dene!<\/li>\n<\/ul><\/div>\n","protected":false},"excerpt":{"rendered":"<p>Savr\u0161eno za manje stanove i prostore|Odmah dodaje eleganciju va\u0161em domu|Izdr\u017eljiv i dizajniran da traje|Elegantan, minimalisti\u010dki dizajn|Velika nosivost|Lako se sklapa, \u0161tedi dragoceni prostor|Brza monta\u017ea sa prilo\u017eenim usisnim \u010da\u0161ama|Sklopljene dimenzije: 47 x 15 x 21,8 cm|Dimenzije u rasklopljenom stanju: 47 x 21,8 x 21,2 cm|Na\u010din ugradnje: na zid|Materijal: aluminijum<\/p>\n","protected":false},"featured_media":36458,"template":"","meta":[],"product_cat":[16],"product_tag":[1490],"acf":[],"_links":{"self":[{"href":"https:\/\/smania.store\/rs\/wp-json\/wp\/v2\/product\/36468"}],"collection":[{"href":"https:\/\/smania.store\/rs\/wp-json\/wp\/v2\/product"}],"about":[{"href":"https:\/\/smania.store\/rs\/wp-json\/wp\/v2\/types\/product"}],"wp:featuredmedia":[{"embeddable":true,"href":"https:\/\/smania.store\/rs\/wp-json\/wp\/v2\/media\/36458"}],"wp:attachment":[{"href":"https:\/\/smania.store\/rs\/wp-json\/wp\/v2\/media?parent=36468"}],"wp:term":[{"taxonomy":"product_cat","embeddable":true,"href":"https:\/\/smania.store\/rs\/wp-json\/wp\/v2\/product_cat?post=36468"},{"taxonomy":"product_tag","embeddable":true,"href":"https:\/\/smania.store\/rs\/wp-json\/wp\/v2\/product_tag?post=36468"}],"curies":[{"name":"wp","href":"https:\/\/api.w.org\/{rel}","templated":true}]}}