{"id":36032,"date":"2025-03-14T13:00:24","date_gmt":"2025-03-14T12:00:24","guid":{"rendered":"https:\/\/smania.store\/rs\/proizvod\/hidrofobna-tecnost-za-vetrobransko-staklo-visionguard\/"},"modified":"2026-03-05T22:22:48","modified_gmt":"2026-03-05T21:22:48","slug":"hidrofobna-tecnost-za-vetrobransko-staklo-visionguard","status":"publish","type":"product","link":"https:\/\/smania.store\/rs\/proizvod\/hidrofobna-tecnost-za-vetrobransko-staklo-visionguard\/","title":{"rendered":"Hidrofobna te\u010dnost za vetrobransko staklo VisionGuard\u2122"},"content":{"rendered":"<div class=\"smania_landing_description_title\">NOVO! Sveobuhvatna za\u0161tita za va\u0161e staklo<\/div>\n<div class=\"smania_landing_description_txt\">Savr\u0161ena vidljivost \u010dak i tokom ki\u0161e i magle!<\/div>\n<div class=\"smania_landing_description_subtitle\">Obezbedite savr\u0161enu vidljivost na putu! VisionGuard\u2122 stvara za\u0161titni sloj na staklu koji odbija ki\u0161u, prljav\u0161tinu, pra\u0161inu, maglu i te\u010dnosti. Lako se nanosi, traje nedeljama i otporan je na -25\u00b0C. Osigurajte svoju sigurnost u vo\u017enji danas!<\/div>\n<div class=\"smania_landing_description_list\">\n<ul>\n<li>Omoguc\u0301ava jasan pogled kroz staklo<\/li>\n<li>Stvara dugotrajan za\u0161titni sloj<\/li>\n<li>Efikasno odbija vodu (ki\u0161u, maglu) i prljav\u0161tinu<\/li>\n<li>Savr\u0161eno za karoseriju i staklo<\/li>\n<li>Otporan na temperature do -25\u00b0C<\/li>\n<li>Bezbedan i jednostavan za upotrebu, bez \u0161tetnih hemikalija<\/li>\n<\/ul><\/div>\n","protected":false},"excerpt":{"rendered":"<p>Optimalna vidljivost u svim uslovima|Povec\u0301ana sigurnost tokom vo\u017enje|Jednostavan za upotrebu: nanesite direktno ili razbla\u017eite u te\u010dnosti za brisa\u010de|Otporan na niske temperature|Za\u0161tita za prozore i karoseriju koja traje nedeljama|Uklanja tvrdokorne mrlje i vrac\u0301a sjaj staklu|Ne iritira ko\u017eu|Odbija ki\u0161u, pra\u0161inu i prljav\u0161tinu|Idealno za sva godi\u0161nja doba|Zapremina: 1 L \u2013 dovoljno za vi\u0161e aplikacija<\/p>\n","protected":false},"featured_media":36024,"template":"","meta":[],"product_cat":[18,1959],"product_tag":[1963,1483,1962],"acf":[],"_links":{"self":[{"href":"https:\/\/smania.store\/rs\/wp-json\/wp\/v2\/product\/36032"}],"collection":[{"href":"https:\/\/smania.store\/rs\/wp-json\/wp\/v2\/product"}],"about":[{"href":"https:\/\/smania.store\/rs\/wp-json\/wp\/v2\/types\/product"}],"wp:featuredmedia":[{"embeddable":true,"href":"https:\/\/smania.store\/rs\/wp-json\/wp\/v2\/media\/36024"}],"wp:attachment":[{"href":"https:\/\/smania.store\/rs\/wp-json\/wp\/v2\/media?parent=36032"}],"wp:term":[{"taxonomy":"product_cat","embeddable":true,"href":"https:\/\/smania.store\/rs\/wp-json\/wp\/v2\/product_cat?post=36032"},{"taxonomy":"product_tag","embeddable":true,"href":"https:\/\/smania.store\/rs\/wp-json\/wp\/v2\/product_tag?post=36032"}],"curies":[{"name":"wp","href":"https:\/\/api.w.org\/{rel}","templated":true}]}}