{"id":35847,"date":"2025-02-26T05:34:11","date_gmt":"2025-02-26T04:34:11","guid":{"rendered":"https:\/\/smania.store\/rs\/proizvod\/instaflow-alat-za-provlacenje-kablova\/"},"modified":"2026-03-27T14:38:29","modified_gmt":"2026-03-27T13:38:29","slug":"instaflow-alat-za-provlacenje-kablova","status":"publish","type":"product","link":"https:\/\/smania.store\/rs\/proizvod\/instaflow-alat-za-provlacenje-kablova\/","title":{"rendered":"InstaFlow\u2122 alat za provla\u010denje kablova"},"content":{"rendered":"<div class=\"smania_landing_description_title\">NOVO: Jednostavna instalacija kablova<\/div>\n<div class=\"smania_landing_description_txt\">\u010carolija provla\u010denja u 3 jednostavna koraka!<\/div>\n<div class=\"smania_landing_description_subtitle\">Predstavljamo vam InstaFlow\u2122 \u2013 alat za provla\u010denje kablova du\u017eine 15 metara koji \u010dini instalaciju kablova br\u017eom i jednostavnijom nego ikada! Zaboravite na muke sa provla\u010denjem kablova kroz te\u0161ko dostupne prostore. Naru\u010dite odmah i pretvorite svoj posao u pravo zadovoljstvo!<\/div>\n<div class=\"smania_landing_description_list\">\n<ul>\n<li>Univerzalno re\u0161enje za podove i plafone<\/li>\n<li>Smanjenje trenja sa rotiraju\u0107im to\u010dki\u0107em od 360\u00b0<\/li>\n<li>Efikasno namotavanje sa ravnim kukama<\/li>\n<li>Kompatibilan sa PVC i metalnim cevima<\/li>\n<li>Izdr\u017eljiv dizajn sa trostruko oja\u010danom \u010deli\u010dnom oprugom<\/li>\n<li>Du\u017eina od 15 metara za ve\u0107i domet<\/li>\n<\/ul><\/div>\n","protected":false},"excerpt":{"rendered":"<p>Robustan i pouzdan alat|Pove\u0107ava produktivnost|Jednostavan za upotrebu|Visoka fleksibilnost i otpornost|Savr\u0161en za ku\u0107nu i profesionalnu upotrebu|\u0160irok spektar primena|\u0160tedi vreme i trud|Bez muke pri provla\u010denju kablova<\/p>\n","protected":false},"featured_media":35835,"template":"","meta":[],"product_cat":[222],"product_tag":[],"acf":[],"_links":{"self":[{"href":"https:\/\/smania.store\/rs\/wp-json\/wp\/v2\/product\/35847"}],"collection":[{"href":"https:\/\/smania.store\/rs\/wp-json\/wp\/v2\/product"}],"about":[{"href":"https:\/\/smania.store\/rs\/wp-json\/wp\/v2\/types\/product"}],"wp:featuredmedia":[{"embeddable":true,"href":"https:\/\/smania.store\/rs\/wp-json\/wp\/v2\/media\/35835"}],"wp:attachment":[{"href":"https:\/\/smania.store\/rs\/wp-json\/wp\/v2\/media?parent=35847"}],"wp:term":[{"taxonomy":"product_cat","embeddable":true,"href":"https:\/\/smania.store\/rs\/wp-json\/wp\/v2\/product_cat?post=35847"},{"taxonomy":"product_tag","embeddable":true,"href":"https:\/\/smania.store\/rs\/wp-json\/wp\/v2\/product_tag?post=35847"}],"curies":[{"name":"wp","href":"https:\/\/api.w.org\/{rel}","templated":true}]}}