{"id":35434,"date":"2024-12-05T12:44:06","date_gmt":"2024-12-05T11:44:06","guid":{"rendered":"https:\/\/smania.store\/rs\/proizvod\/emulzija-za-podove-floor-max\/"},"modified":"2026-04-09T13:50:58","modified_gmt":"2026-04-09T11:50:58","slug":"emulzija-za-podove-floor-max","status":"publish","type":"product","link":"https:\/\/smania.store\/rs\/proizvod\/emulzija-za-podove-floor-max\/","title":{"rendered":"Emulzija za podove Floor Max"},"content":{"rendered":"<div class=\"smania_landing_description_title\">NOVO! Floor Max \u2013 Savr\u0161ena \u010disto\u0107a za va\u0161 pod<\/div>\n<div class=\"smania_landing_description_txt\">Dugotrajna \u010disto\u0107a i za\u0161tita za sve podne povr\u0161ine<\/div>\n<div class=\"smania_landing_description_subtitle\">\u017delite da va\u0161i podovi sijaju u najboljem svetlu, bez obzira na vrstu povr\u0161ine? Floor Max je izuzetno efikasan \u010dista\u010d dizajniran za dubinsko \u010di\u0161\u0107enje i obnavljanje svih tipova podnih povr\u0161ina. Uklanja tvrdokorne mrlje, prljav\u0161tinu i masno\u0107u, dok odr\u017eava podove sjajnim i sve\u017eim. Floor Max je idealan izbor za domove i komercijalne prostore, pru\u017eaju\u0107i dugotrajnu \u010disto\u0107u i za\u0161titu.<\/div>\n<div class=\"smania_landing_description_list\">\n<ul>\n<li>Vi\u0161enamenska upotreba: Pogodno za vec\u0301inu tipova podova kao \u0161to su podovi od zape\u010dac\u0301enog drveta, vinila, sintetike, kamena i plute<\/li>\n<li>Izuzetna mo\u0107 \u010di\u0161\u0107enja: Brzo uklanja mrlje i prljav\u0161tinu, bez o\u0161te\u0107enja povr\u0161ine<\/li>\n<li>Jednostavan za upotrebu: Samo nanesite i obri\u0161ite \u2013 va\u0161i podovi \u0107e izgledati kao novi<\/li>\n<li>Sve\u017e miris: Ostavlja prijatan i dugotrajan sve\u017e miris<\/li>\n<li>Dugotrajna za\u0161tita: Stvara za\u0161titni sloj koji poma\u017ee u spre\u010davanju ponovnog nakupljanja prljav\u0161tine<\/li>\n<\/ul><\/div>\n","protected":false},"excerpt":{"rendered":"<p>Dubinsko \u010di\u0161\u0107enje: Efikasno uklanja prljav\u0161tinu i mrlje sa podnih povr\u0161ina|Dugotrajna sve\u017eina: Ostavlja dugotrajan sve\u017e miris i sjaj|Idealno za sve tipove podova: Pogodno za sve vrste povr\u0161ina, uklju\u010duju\u0107i i osetljive materijale|Brza i jednostavna upotreba: Nema potrebe za ispiranjem|Zapremina: 500 ml, dovoljno za vi\u0161e upotreba|Ekolo\u0161ki prihvatljivo: Formula bez \u0161tetnih hemikalija|Pogodno za vec\u0301inu tipova podova kao \u0161to su podovi od zape\u010dac\u0301enog drveta, vinila, sintetike, kamena i plute|Brzo su\u0161enje: Povr\u0161ine se brzo su\u0161e nakon \u010di\u0161\u0107enja i bezbedne su za upotrebu<\/p>\n","protected":false},"featured_media":36281,"template":"","meta":[],"product_cat":[16,1959],"product_tag":[1549,1962],"acf":[],"_links":{"self":[{"href":"https:\/\/smania.store\/rs\/wp-json\/wp\/v2\/product\/35434"}],"collection":[{"href":"https:\/\/smania.store\/rs\/wp-json\/wp\/v2\/product"}],"about":[{"href":"https:\/\/smania.store\/rs\/wp-json\/wp\/v2\/types\/product"}],"wp:featuredmedia":[{"embeddable":true,"href":"https:\/\/smania.store\/rs\/wp-json\/wp\/v2\/media\/36281"}],"wp:attachment":[{"href":"https:\/\/smania.store\/rs\/wp-json\/wp\/v2\/media?parent=35434"}],"wp:term":[{"taxonomy":"product_cat","embeddable":true,"href":"https:\/\/smania.store\/rs\/wp-json\/wp\/v2\/product_cat?post=35434"},{"taxonomy":"product_tag","embeddable":true,"href":"https:\/\/smania.store\/rs\/wp-json\/wp\/v2\/product_tag?post=35434"}],"curies":[{"name":"wp","href":"https:\/\/api.w.org\/{rel}","templated":true}]}}