{"id":35261,"date":"2024-11-21T11:43:09","date_gmt":"2024-11-21T10:43:09","guid":{"rendered":"https:\/\/smania.store\/rs\/proizvod\/boja-protiv-rdje-rust-paint\/"},"modified":"2026-03-28T14:46:43","modified_gmt":"2026-03-28T13:46:43","slug":"boja-protiv-rdje-rust-paint","status":"publish","type":"product","link":"https:\/\/smania.store\/rs\/proizvod\/boja-protiv-rdje-rust-paint\/","title":{"rendered":"Boja protiv r\u0111e Rust Paint"},"content":{"rendered":"<div class=\"smania_landing_description_title\">NOVO! Vratite izgled metalnim povr\u0161inama uz Rust Paint<\/div>\n<div class=\"smania_landing_description_txt\">Transformi\u0161ite i za\u0161titite svoje metalne povr\u0161ine<\/div>\n<div class=\"smania_landing_description_subtitle\">Da li ste umorni od neugledne r\u0111e i korozije koje polako uni\u0161tavaju va\u0161e metalne povr\u0161ine? Sa Rust Paint, va\u0161 problem \u0107e biti re\u0161en u samo jednom koraku. Na\u0161a specijalna formula ne samo da pru\u017ea dugotrajnu za\u0161titu, ve\u0107 i obnavlja i pobolj\u0161ava izgled metalnih povr\u0161ina. Pogodna za ku\u0107nu i profesionalnu upotrebu.<\/div>\n<div class=\"smania_landing_description_list\">\n<ul>\n<li>Zaustavlja r\u0111u odmah: Na\u0161a formula stabilizuje r\u0111u i spre\u010dava njeno dalje \u0161irenje<\/li>\n<li>Dugotrajna za\u0161tita: Stvara nevidljivu barijeru koja \u0161titi metale od vode, hemikalija i korozije<\/li>\n<li>Univerzalna upotreba: Idealna za unutra\u0161nje i spolja\u0161nje projekte, od ograda do metalnih umetni\u010dkih dela<\/li>\n<li>Neuporediv zavr\u0161ni sloj: Povr\u0161ine \u0107e biti ne samo za\u0161ti\u0107ene, ve\u0107 \u0107e izgledati kao nove<\/li>\n<\/ul><\/div>\n","protected":false},"excerpt":{"rendered":"<p>Dugotrajna za\u0161tita: Va\u0161e metalne povr\u0161ine ostaju za\u0161ti\u0107ene od svih vremenskih uslova|Vodoodbojna formula: Spre\u010dava lju\u0161tenje boje i potrebu za ponovnim nano\u0161enjem|Diskretna za\u0161tita: Efikasno prekriva r\u0111u bez promene izgleda povr\u0161ine|Univerzalnost: Pogodna za razli\u010dite materijale, uklju\u010duju\u0107i gvo\u017e\u0111e, aluminijum i bakar|Zapremina: 300 ml, dovoljno za veliki projekat|Brza primena: Su\u0161i se na dodir za 2\u20135 sati|Otporna na ekstremne uslove: Formula koja izdr\u017eava vlagu, hemikalije i so|\u0160iroka upotreba: Pogodna za metalne ograde, vrata, cevi, umetni\u010dka dela i jo\u0161 mnogo toga<\/p>\n","protected":false},"featured_media":35774,"template":"","meta":[],"product_cat":[16,1959],"product_tag":[1960,1961,1485],"acf":[],"_links":{"self":[{"href":"https:\/\/smania.store\/rs\/wp-json\/wp\/v2\/product\/35261"}],"collection":[{"href":"https:\/\/smania.store\/rs\/wp-json\/wp\/v2\/product"}],"about":[{"href":"https:\/\/smania.store\/rs\/wp-json\/wp\/v2\/types\/product"}],"wp:featuredmedia":[{"embeddable":true,"href":"https:\/\/smania.store\/rs\/wp-json\/wp\/v2\/media\/35774"}],"wp:attachment":[{"href":"https:\/\/smania.store\/rs\/wp-json\/wp\/v2\/media?parent=35261"}],"wp:term":[{"taxonomy":"product_cat","embeddable":true,"href":"https:\/\/smania.store\/rs\/wp-json\/wp\/v2\/product_cat?post=35261"},{"taxonomy":"product_tag","embeddable":true,"href":"https:\/\/smania.store\/rs\/wp-json\/wp\/v2\/product_tag?post=35261"}],"curies":[{"name":"wp","href":"https:\/\/api.w.org\/{rel}","templated":true}]}}