{"id":35170,"date":"2024-11-18T07:24:11","date_gmt":"2024-11-18T06:24:11","guid":{"rendered":"https:\/\/smania.store\/rs\/proizvod\/sredstvo-za-uklanjanje-rdje-remove-rust\/"},"modified":"2026-02-27T18:06:51","modified_gmt":"2026-02-27T17:06:51","slug":"sredstvo-za-uklanjanje-rdje-remove-rust","status":"publish","type":"product","link":"https:\/\/smania.store\/rs\/proizvod\/sredstvo-za-uklanjanje-rdje-remove-rust\/","title":{"rendered":"Sredstvo za uklanjanje r\u0111e Remove Rust"},"content":{"rendered":"<div class=\"smania_landing_description_title\">NOVO! Remove Rust \u2013 Vratite \u017eivot va\u0161im metalnim predmetima<\/div>\n<div class=\"smania_landing_description_txt\">Efikasno uklanjanje r\u0111e bez napora<\/div>\n<div class=\"smania_landing_description_subtitle\">Da li imate metalne predmete koji su izgubili vrednost i lepotu zbog r\u0111e? Ovo izuzetno efikasno sredstvo za uklanjanje r\u0111e \u0107e obnoviti va\u0161e metalne povr\u0161ine do njihovog originalnog stanja, bez potrebe za skupim i dugotrajnim bru\u0161enjem ili peskiranjem.<\/div>\n<div class=\"smania_landing_description_list\">\n<ul>\n<li>Jednostavno uklanjanje r\u0111e: Sa Remove Rust, brzo i efikasno uklanjate r\u0111u sa metalnih povr\u0161ina bez o\u0161te\u0107enja materijala<\/li>\n<li>Obnavljanje i za\u0161tita: Vratite va\u0161im metalnim predmetima prvobitni izgled i pru\u017eite im dugotrajnu za\u0161titu od budu\u0107e korozije<\/li>\n<li>Univerzalna upotreba: Odli\u010dno za automobile, ograde, alat i druge metalne predmete<\/li>\n<li>Sigurno i lako za upotrebu: Netoksi\u010dna formula bez \u0161tetnih isparenja omogu\u0107ava bezbednu upotrebu i u zatvorenom i na otvorenom prostoru<\/li>\n<\/ul><\/div>\n","protected":false},"excerpt":{"rendered":"<p>Brzo uklanjanje: Efikasno uklanja r\u0111u i prljav\u0161tinu bez napornog ribanja|Dugotrajna za\u0161tita: Stvara za\u0161titnu barijeru koja spre\u010dava dalju koroziju|Jednostavna upotreba: Samo nanesite, pustite da deluje i obri\u0161ite|Ekolo\u0161ki prihvatljiv: Netoksi\u010dna formula bez \u0161tetnih isparenja ili opasnih hemikalija|Zapremina: 200 ml, dovoljno za vi\u0161e aplikacija|Univerzalna upotreba: Pogodno za sve metalne povr\u0161ine, od karoserije automobila do alata|Brzo su\u0161enje: Povr\u0161ina se su\u0161i za 20 minuta, spremna za novi sloj|Netoksi\u010dna formula: Bezbedna za upotrebu kod ku\u0107e i na otvorenom, bez \u0161tetnih emisija<\/p>\n","protected":false},"featured_media":35353,"template":"","meta":[],"product_cat":[16,18,1959],"product_tag":[1549,1483,1962],"acf":[],"_links":{"self":[{"href":"https:\/\/smania.store\/rs\/wp-json\/wp\/v2\/product\/35170"}],"collection":[{"href":"https:\/\/smania.store\/rs\/wp-json\/wp\/v2\/product"}],"about":[{"href":"https:\/\/smania.store\/rs\/wp-json\/wp\/v2\/types\/product"}],"wp:featuredmedia":[{"embeddable":true,"href":"https:\/\/smania.store\/rs\/wp-json\/wp\/v2\/media\/35353"}],"wp:attachment":[{"href":"https:\/\/smania.store\/rs\/wp-json\/wp\/v2\/media?parent=35170"}],"wp:term":[{"taxonomy":"product_cat","embeddable":true,"href":"https:\/\/smania.store\/rs\/wp-json\/wp\/v2\/product_cat?post=35170"},{"taxonomy":"product_tag","embeddable":true,"href":"https:\/\/smania.store\/rs\/wp-json\/wp\/v2\/product_tag?post=35170"}],"curies":[{"name":"wp","href":"https:\/\/api.w.org\/{rel}","templated":true}]}}