{"id":35158,"date":"2024-11-18T07:22:24","date_gmt":"2024-11-18T06:22:24","guid":{"rendered":"https:\/\/smania.store\/rs\/proizvod\/uklanjac-ogrebotina-nano-polish\/"},"modified":"2026-03-17T15:18:23","modified_gmt":"2026-03-17T14:18:23","slug":"uklanjac-ogrebotina-nano-polish","status":"publish","type":"product","link":"https:\/\/smania.store\/rs\/proizvod\/uklanjac-ogrebotina-nano-polish\/","title":{"rendered":"Uklanja\u010d ogrebotina Nano Polish"},"content":{"rendered":"<div class=\"smania_landing_description_title\">NOVO! Nano Polish \u2013 U\u010dinite da va\u0161 automobil ponovo izgleda kao nov<\/div>\n<div class=\"smania_landing_description_txt\">Jednostavno uklonite ogrebotine uz \u010dudesnu formulu<\/div>\n<div class=\"smania_landing_description_subtitle\">Da li ste primetili ogrebotine na svom automobilu koje kvare njegov izgled? Nano Polish je tu da vam pomogne! Ovaj revolucionarni proizvod omogu\u0107ava vam da sami uklonite ogrebotine i vratite sjaj va\u0161em automobilu. Nema potrebe za skupim odlascima u radionicu \u2013 samo nanesite Nano Polish i gledajte kako ogrebotine nestaju u sekundi.<\/div>\n<div class=\"smania_landing_description_list\">\n<ul>\n<li>Brzo uklanjanje ogrebotina: Sa Nano Polish, uklonite ogrebotine za nekoliko sekundi i vratite sjaj svom automobilu<\/li>\n<li>Jednostavna upotreba: Nema komplikovanih postupaka \u2013 samo nanesite i obri\u0161ite<\/li>\n<li>Dugotrajna za\u0161tita: Nakon uklanjanja ogrebotina, \u0161titi va\u0161 automobil od daljih o\u0161te\u0107enja<\/li>\n<li>\u0160tedi vreme i novac: Zaboravite na skupe popravke \u2013 Nano Polish je brzo i pristupa\u010dno re\u0161enje<\/li>\n<li>Bezbedan za va\u0161 automobil: Bez \u0161tetnih hemikalija koje bi mogle o\u0161tetiti karoseriju va\u0161eg vozila<\/li>\n<\/ul><\/div>\n","protected":false},"excerpt":{"rendered":"<p>Brzo delovanje: Ogrebotine se uklanjaju za nekoliko sekundi, a va\u0161 automobil ponovo sija kao nov|Prakti\u010dno i efikasno: Idealno re\u0161enje kada nemate vremena ili resursa za odlazak u radionicu|Dugotrajna za\u0161tita: Ne samo da obnavlja va\u0161 automobil, ve\u0107 ga i \u0161titi od budu\u0107ih o\u0161te\u0107enja|Jednostavna upotreba: Dizajniran za upotrebu kod ku\u0107e, bez potrebe za specijalnim alatima|Zapremina: 30 ml, dovoljno za vi\u0161e primena|Univerzalnost: Pogodan za sve vrste automobilskih povr\u0161ina|Ekolo\u0161ki prihvatljiv: Bez jakih hemikalija, bezbedan za upotrebu kod ku\u0107e|Visoka efikasnost: Garantovani rezultati koji vas ne\u0107e razo\u010darati<\/p>\n","protected":false},"featured_media":35752,"template":"","meta":[],"product_cat":[18,1959],"product_tag":[1963,1483],"acf":[],"_links":{"self":[{"href":"https:\/\/smania.store\/rs\/wp-json\/wp\/v2\/product\/35158"}],"collection":[{"href":"https:\/\/smania.store\/rs\/wp-json\/wp\/v2\/product"}],"about":[{"href":"https:\/\/smania.store\/rs\/wp-json\/wp\/v2\/types\/product"}],"wp:featuredmedia":[{"embeddable":true,"href":"https:\/\/smania.store\/rs\/wp-json\/wp\/v2\/media\/35752"}],"wp:attachment":[{"href":"https:\/\/smania.store\/rs\/wp-json\/wp\/v2\/media?parent=35158"}],"wp:term":[{"taxonomy":"product_cat","embeddable":true,"href":"https:\/\/smania.store\/rs\/wp-json\/wp\/v2\/product_cat?post=35158"},{"taxonomy":"product_tag","embeddable":true,"href":"https:\/\/smania.store\/rs\/wp-json\/wp\/v2\/product_tag?post=35158"}],"curies":[{"name":"wp","href":"https:\/\/api.w.org\/{rel}","templated":true}]}}