{"id":35147,"date":"2024-11-18T07:21:06","date_gmt":"2024-11-18T06:21:06","guid":{"rendered":"https:\/\/smania.store\/rs\/proizvod\/vodootporni-zaptivac-leak-stop-clear-xl\/"},"modified":"2026-04-11T08:59:27","modified_gmt":"2026-04-11T06:59:27","slug":"vodootporni-zaptivac-leak-stop-clear-xl","status":"publish","type":"product","link":"https:\/\/smania.store\/rs\/proizvod\/vodootporni-zaptivac-leak-stop-clear-xl\/","title":{"rendered":"Vodootporni zaptiva\u010d Leak Stop Clear XL"},"content":{"rendered":"<div class=\"smania_landing_description_title\">NOVO! Savr\u0161ena vodootporna za\u0161tita za sve povr\u0161ine<\/div>\n<div class=\"smania_landing_description_txt\">Popravite pukotine u jednom jednostavnom koraku<\/div>\n<div class=\"smania_landing_description_subtitle\">Ovaj inovativni, providni zaptiva\u010d omogu\u0107ava vam da brzo popravite pukotine i rupe, pru\u017eaju\u0107i za\u0161titu od vlage i r\u0111e na raznim klju\u010dnim povr\u0161inama. Ne dozvolite da vlaga ili korozija o\u0161tete va\u0161e stvari \u2013 obezbedite dugotrajnu za\u0161titu.<\/div>\n<div class=\"smania_landing_description_list\">\n<ul>\n<li>Pru\u017ea dugotrajnu za\u0161titu od vlage<\/li>\n<li>Brzo se su\u0161i i ostaje fleksibilan<\/li>\n<li>Nevidljiv je na ve\u0107ini povr\u0161ina<\/li>\n<li>Mo\u017ee se koristiti na razli\u010ditim materijalima<\/li>\n<li>Pogodan za upotrebu kao tanki premaz i za popunjavanje manjih pukotina<\/li>\n<\/ul><\/div>\n","protected":false},"excerpt":{"rendered":"<p>Dugotrajna za\u0161tita od vlage i r\u0111e|Nevidljiva primena za estetski izgled|Brzo su\u0161enje i fleksibilna formula|Koristan za unutra\u0161nje i spolja\u0161nje povr\u0161ine|Providna boja za neprimetnu aplikaciju|Pogodan za razne materijale poput metala, betona, plastike itd.|Fleksibilna primena \u2013 mo\u017ee se nanositi \u010detkom, valjkom ili direktnim izlivanjem|Otporan na ekstremne vremenske uslove i UV zrake|Zapremina: 300 ml, dovoljno za do 5 m\u00b2 povr\u0161ine|NAPOMENA: Proizvod izgleda belo nakon nano\u0161enja, ali postaje providan nakon su\u0161enja<\/p>\n","protected":false},"featured_media":37148,"template":"","meta":[],"product_cat":[16,1959],"product_tag":[1961],"acf":[],"_links":{"self":[{"href":"https:\/\/smania.store\/rs\/wp-json\/wp\/v2\/product\/35147"}],"collection":[{"href":"https:\/\/smania.store\/rs\/wp-json\/wp\/v2\/product"}],"about":[{"href":"https:\/\/smania.store\/rs\/wp-json\/wp\/v2\/types\/product"}],"wp:featuredmedia":[{"embeddable":true,"href":"https:\/\/smania.store\/rs\/wp-json\/wp\/v2\/media\/37148"}],"wp:attachment":[{"href":"https:\/\/smania.store\/rs\/wp-json\/wp\/v2\/media?parent=35147"}],"wp:term":[{"taxonomy":"product_cat","embeddable":true,"href":"https:\/\/smania.store\/rs\/wp-json\/wp\/v2\/product_cat?post=35147"},{"taxonomy":"product_tag","embeddable":true,"href":"https:\/\/smania.store\/rs\/wp-json\/wp\/v2\/product_tag?post=35147"}],"curies":[{"name":"wp","href":"https:\/\/api.w.org\/{rel}","templated":true}]}}