{"id":33241,"date":"2024-04-12T09:31:59","date_gmt":"2024-04-12T07:31:59","guid":{"rendered":"https:\/\/smania.store\/rs\/proizvod\/solarne-svetiljke-na-zici-cutesybee\/"},"modified":"2026-04-07T09:27:11","modified_gmt":"2026-04-07T07:27:11","slug":"solarne-svetiljke-na-zici-cutesybee","status":"publish","type":"product","link":"https:\/\/smania.store\/rs\/proizvod\/solarne-svetiljke-na-zici-cutesybee\/","title":{"rendered":"Solarne svetiljke na \u017eici CutesyBee"},"content":{"rendered":"<div class=\"smania_landing_description_title\">PRELEPO! \ud83d\udc1d  Solarne svetiljke na \u017eici CutesyBee<\/div>\n<div class=\"smania_landing_description_txt\">Moderne svetiljke na \u017eici oli\u010davaju lepotu p\u010dela!<\/div>\n<div class=\"smania_landing_description_subtitle\">P\u010dele su jedna od najva\u017enijih \u010dlanova \u017eivotinjskog carstva! Poka\u017eite koliko cenite skuplja\u010de meda dekoracijom doma i vrta ovim ekolo\u0161kim, predivnim svetiljkama na \u017eici.<\/div>\n<div class=\"smania_landing_description_list\">\n<ul>\n<li>Ekolo\u0161ka, na solarnu energiju \u2013 ne trebaju vam baterije<\/li>\n<li>Visok kvalitet sa prelepim detaljima i zadivljuju\u0107im izgledom<\/li>\n<li>Savr\u0161ene i za unutra\u0161nju i za spolja\u0161nju dekoraciju<\/li>\n<li>Topla svetla daju \u0161armantan izgled va\u0161em vrtu<\/li>\n<li>Otporne na vlagu, IP65 vodootporne<\/li>\n<\/ul><\/div>\n","protected":false},"excerpt":{"rendered":"<p>Solarne svetiljke na \u017eici|Predivan dizajn sa p\u010delicama|Savr\u0161ene i za unutra i za spolja|Toplo svetlo stvara magi\u010dni efekt|IP65 vodotporne|Ugra\u0111ene Ni-Mh baterije na punjenje|Svetiljke na \u017eici: ~500 cm|Solarni panel je uklju\u010den (1.2 V 100 mA)|Tip svetla: LED|Alternativno punjenje na 12 V AA baterije (nisu uklju\u010dene)<\/p>\n","protected":false},"featured_media":33232,"template":"","meta":[],"product_cat":[16,23,1956,1957,1955],"product_tag":[1872,1489,1485],"acf":[],"_links":{"self":[{"href":"https:\/\/smania.store\/rs\/wp-json\/wp\/v2\/product\/33241"}],"collection":[{"href":"https:\/\/smania.store\/rs\/wp-json\/wp\/v2\/product"}],"about":[{"href":"https:\/\/smania.store\/rs\/wp-json\/wp\/v2\/types\/product"}],"wp:featuredmedia":[{"embeddable":true,"href":"https:\/\/smania.store\/rs\/wp-json\/wp\/v2\/media\/33232"}],"wp:attachment":[{"href":"https:\/\/smania.store\/rs\/wp-json\/wp\/v2\/media?parent=33241"}],"wp:term":[{"taxonomy":"product_cat","embeddable":true,"href":"https:\/\/smania.store\/rs\/wp-json\/wp\/v2\/product_cat?post=33241"},{"taxonomy":"product_tag","embeddable":true,"href":"https:\/\/smania.store\/rs\/wp-json\/wp\/v2\/product_tag?post=33241"}],"curies":[{"name":"wp","href":"https:\/\/api.w.org\/{rel}","templated":true}]}}