{"id":33194,"date":"2024-04-12T09:14:02","date_gmt":"2024-04-12T07:14:02","guid":{"rendered":"https:\/\/smania.store\/rs\/proizvod\/navlaka-za-volan-grippro\/"},"modified":"2025-12-15T18:08:01","modified_gmt":"2025-12-15T17:08:01","slug":"navlaka-za-volan-grippro","status":"publish","type":"product","link":"https:\/\/smania.store\/rs\/proizvod\/navlaka-za-volan-grippro\/","title":{"rendered":"Navlaka za volan GripPro"},"content":{"rendered":"<div class=\"smania_landing_description_title\">NOVO! Navlaka za volan GripPro<\/div>\n<div class=\"smania_landing_description_txt\">Savr\u0161en dodatak va\u0161em ugla\u0111enom \u010detvoroto\u010dka\u0161u!<\/div>\n<div class=\"smania_landing_description_subtitle\">Ako \u017eelite da sakrijete stari, uprljani volan ili \u017eelite da uredite unutra\u0161njost vozila, ova GripPro navlaka za volan  je idealno re\u0161enje. Sa\u010duvajte izgled va\u0161eg volana dodaju\u0107i stil i udobnost va\u0161em automobilu.<\/div>\n<div class=\"smania_landing_description_list\">\n<ul>\n<li>Neklizaju\u0107i dizajn za savr\u0161eno prianjanje<\/li>\n<li>360\u00b0 rotiraju\u0107i poja\u010diva\u010d<\/li>\n<li>Univerzalno odgovara ve\u0107ini vozila<\/li>\n<li>Moderan i elegantan izgled<\/li>\n<li>Izdr\u017eljiv ABS sa teksturiranom gumom<\/li>\n<\/ul><\/div>\n","protected":false},"excerpt":{"rendered":"<p>Daje moderan izgled enterijeru vozila|Neklizaju\u0107a i udobna|Opcioni poja\u010diva\u010d od 360\u00b0 |Set uklju\u010duje 2 dela|Odgovara ve\u0107ini automobila|Brza i jednostavna instalacija|Materijal: ABS i guma|Dimenzije: 22 \u00d7 4 cm<\/p>\n","protected":false},"featured_media":33186,"template":"","meta":[],"product_cat":[18,1955],"product_tag":[1551,1540],"acf":[],"_links":{"self":[{"href":"https:\/\/smania.store\/rs\/wp-json\/wp\/v2\/product\/33194"}],"collection":[{"href":"https:\/\/smania.store\/rs\/wp-json\/wp\/v2\/product"}],"about":[{"href":"https:\/\/smania.store\/rs\/wp-json\/wp\/v2\/types\/product"}],"wp:featuredmedia":[{"embeddable":true,"href":"https:\/\/smania.store\/rs\/wp-json\/wp\/v2\/media\/33186"}],"wp:attachment":[{"href":"https:\/\/smania.store\/rs\/wp-json\/wp\/v2\/media?parent=33194"}],"wp:term":[{"taxonomy":"product_cat","embeddable":true,"href":"https:\/\/smania.store\/rs\/wp-json\/wp\/v2\/product_cat?post=33194"},{"taxonomy":"product_tag","embeddable":true,"href":"https:\/\/smania.store\/rs\/wp-json\/wp\/v2\/product_tag?post=33194"}],"curies":[{"name":"wp","href":"https:\/\/api.w.org\/{rel}","templated":true}]}}