{"id":33135,"date":"2024-04-12T09:08:20","date_gmt":"2024-04-12T07:08:20","guid":{"rendered":"https:\/\/smania.store\/rs\/proizvod\/presa-za-drikere-i-set-dugmadi-snapsi\/"},"modified":"2026-03-05T14:54:36","modified_gmt":"2026-03-05T13:54:36","slug":"presa-za-drikere-i-set-dugmadi-snapsi","status":"publish","type":"product","link":"https:\/\/smania.store\/rs\/proizvod\/presa-za-drikere-i-set-dugmadi-snapsi\/","title":{"rendered":"Presa za drikere i set dugmadi Snapsi"},"content":{"rendered":"<div class=\"smania_landing_description_title\">NOVO! Presa za drikere i set dugmadi Snapsi<\/div>\n<div class=\"smania_landing_description_txt\">Ukrasite svoju ode\u0107u!<\/div>\n<div class=\"smania_landing_description_subtitle\">Upotrebite ovaj set za ukra\u0161avanje va\u0161e ode\u0107e prakti\u010dnim driker dugmadima, tako\u0111e i va\u0161e torbe, kape, i druge modne dodatke. Presa za drikere je napravljena od visokokvalitetnog materijala i jednostavna je za upotrebu kako za po\u010detnike, tako i za profesionalce.<\/div>\n<div class=\"smania_landing_description_list\">\n<ul>\n<li>300 drikera u vi\u0161e boja<\/li>\n<li>Presa za drikere sa nekoliko dodataka<\/li>\n<li>Prakti\u010dna i jednostavna za upotrebu <\/li>\n<li>Idealna za zanatske i \u0161iva\u0107e projekte<\/li>\n<li>Prilo\u017eena su detaljna uputstva<\/li>\n<\/ul><\/div>\n","protected":false},"excerpt":{"rendered":"<p>Idealno za bebi ode\u0107u |Dostupno u plavoj i pink boji|Izdr\u017eljivo i dugotrajno|Pogodno i za po\u010detnike|Veli\u010dina dugmadi: 12 mm|Veli\u010dina prese: 16,2 \u00d7 15,4 cm |Materijal: plastika, metal, smola |Set uklju\u010duje: presu, odvija\u010d, \u0161ilo, 2 baze, 3 glave za pritiskanje, 300 driker dugmadi<\/p>\n","protected":false},"featured_media":33125,"template":"","meta":[],"product_cat":[16,1770],"product_tag":[1782,1549],"acf":[],"_links":{"self":[{"href":"https:\/\/smania.store\/rs\/wp-json\/wp\/v2\/product\/33135"}],"collection":[{"href":"https:\/\/smania.store\/rs\/wp-json\/wp\/v2\/product"}],"about":[{"href":"https:\/\/smania.store\/rs\/wp-json\/wp\/v2\/types\/product"}],"wp:featuredmedia":[{"embeddable":true,"href":"https:\/\/smania.store\/rs\/wp-json\/wp\/v2\/media\/33125"}],"wp:attachment":[{"href":"https:\/\/smania.store\/rs\/wp-json\/wp\/v2\/media?parent=33135"}],"wp:term":[{"taxonomy":"product_cat","embeddable":true,"href":"https:\/\/smania.store\/rs\/wp-json\/wp\/v2\/product_cat?post=33135"},{"taxonomy":"product_tag","embeddable":true,"href":"https:\/\/smania.store\/rs\/wp-json\/wp\/v2\/product_tag?post=33135"}],"curies":[{"name":"wp","href":"https:\/\/api.w.org\/{rel}","templated":true}]}}