{"id":33118,"date":"2024-04-12T09:06:31","date_gmt":"2024-04-12T07:06:31","guid":{"rendered":"https:\/\/smania.store\/rs\/proizvod\/prostirka-za-spavanje-groundcloud\/"},"modified":"2025-09-17T07:20:58","modified_gmt":"2025-09-17T05:20:58","slug":"prostirka-za-spavanje-groundcloud","status":"publish","type":"product","link":"https:\/\/smania.store\/rs\/proizvod\/prostirka-za-spavanje-groundcloud\/","title":{"rendered":"Prostirka za spavanje GroundCloud"},"content":{"rendered":"<div class=\"smania_landing_description_title\">NOVO! Prostirka za spavanje GroundCloud<\/div>\n<div class=\"smania_landing_description_txt\">Za udobno spavanje na odmoru na otvorenom!<\/div>\n<div class=\"smania_landing_description_subtitle\">Probudite se odmorni na va\u0161oj odli\u010dnoj GroundCloud prostirci za spavanje! Ovaj jedinstveni dizajn nudi mekanu i udobnu podr\u0161ku  za va\u0161e telo, a dvostruki ventil \u010dini da se ovaj madrac brzo naduva. Ova lagana i prenosiva GroundCloud prostirka za spavanje je obavezan pribor za spavanje u avanturama na otvorenom!<\/div>\n<div class=\"smania_landing_description_list\">\n<ul>\n<li>Neverovatno mekana i udobna<\/li>\n<li>Savr\u0161ena za kampovanje i pla\u017eu<\/li>\n<li>Brzo se naduva i izduva<\/li>\n<li>Otporna na vodu, habanje i o\u0161te\u0107enja<\/li>\n<li>Prakti\u010dna vre\u0107a za odlaganje je uklju\u010dena<\/li>\n<\/ul><\/div>\n","protected":false},"excerpt":{"rendered":"<p>Prakti\u010dna i izuzetno lagana (550 g)|Lako se \u010disti|Pogodna za aktivnosti napolju|3 boje su dostupne|Sklopiva i prenosiva|Materijal: 40D najlon, TPU, PU|Dimenzije (nesavijena): 190 \u00d7 60 \u00d7 5 cm|Dimenzije (presavijena): 23 \u00d7 10 cm<\/p>\n","protected":false},"featured_media":33107,"template":"","meta":[],"product_cat":[1955,21],"product_tag":[1582],"acf":[],"_links":{"self":[{"href":"https:\/\/smania.store\/rs\/wp-json\/wp\/v2\/product\/33118"}],"collection":[{"href":"https:\/\/smania.store\/rs\/wp-json\/wp\/v2\/product"}],"about":[{"href":"https:\/\/smania.store\/rs\/wp-json\/wp\/v2\/types\/product"}],"wp:featuredmedia":[{"embeddable":true,"href":"https:\/\/smania.store\/rs\/wp-json\/wp\/v2\/media\/33107"}],"wp:attachment":[{"href":"https:\/\/smania.store\/rs\/wp-json\/wp\/v2\/media?parent=33118"}],"wp:term":[{"taxonomy":"product_cat","embeddable":true,"href":"https:\/\/smania.store\/rs\/wp-json\/wp\/v2\/product_cat?post=33118"},{"taxonomy":"product_tag","embeddable":true,"href":"https:\/\/smania.store\/rs\/wp-json\/wp\/v2\/product_tag?post=33118"}],"curies":[{"name":"wp","href":"https:\/\/api.w.org\/{rel}","templated":true}]}}