{"id":32158,"date":"2024-02-28T12:46:43","date_gmt":"2024-02-28T11:46:43","guid":{"rendered":"https:\/\/smania.store\/rs\/proizvod\/recon-kamera-za-divljinu\/"},"modified":"2026-04-23T13:42:20","modified_gmt":"2026-04-23T11:42:20","slug":"recon-kamera-za-divljinu","status":"publish","type":"product","link":"https:\/\/smania.store\/rs\/proizvod\/recon-kamera-za-divljinu\/","title":{"rendered":"Recon kamera za divljinu"},"content":{"rendered":"<div class=\"smania_landing_description_title\">NOVO! Recon kamera za divljinu<\/div>\n<div class=\"smania_landing_description_txt\">Snimite retku \u017eivotinju na videu!<\/div>\n<div class=\"smania_landing_description_subtitle\">Da li \u017eelite da znate ko su tajni no\u0107ni posetioci va\u0161eg vrta, ali ne \u017eelite da celu no\u0107 \u010dekate na njih? Poru\u010dite Recon kameru za divljinu i snimite ih! <\/div>\n<div class=\"smania_landing_description_list\">\n<ul>\n<li>Brzo i jednostavno pode\u0161avanje<\/li>\n<li>Mo\u017ee da snimi pokrete na udaljenosti od 10 m<\/li>\n<li>120\u00b0 \u0161irina so\u010diva<\/li>\n<li>12 MP fotografija i 1080p video na 25 FPS<\/li>\n<li>IP54 otporna na vodu i pra\u0161inu<\/li>\n<\/ul><\/div>\n","protected":false},"excerpt":{"rendered":"<p>Pun HD 1080p video kamera|12 MP fotografije visoke rezolucje|Infracrveni okida\u010d sa 10 m dometa|Ugao kamere \u2013 120\u00b0|Pogon: 4 \u00d7 AA baterije (nisu uklju\u010dene)|Do 32 GB spoljne memorije(SD kartica nije uklju\u010dena)|Kamera za no\u0107no snimanje sa 10 m dometa|Veli\u010dina: 135 \u00d7 90 \u00d7 55 mm<\/p>\n","protected":false},"featured_media":32149,"template":"","meta":[],"product_cat":[1957,1612,1935,21],"product_tag":[1582],"acf":[],"_links":{"self":[{"href":"https:\/\/smania.store\/rs\/wp-json\/wp\/v2\/product\/32158"}],"collection":[{"href":"https:\/\/smania.store\/rs\/wp-json\/wp\/v2\/product"}],"about":[{"href":"https:\/\/smania.store\/rs\/wp-json\/wp\/v2\/types\/product"}],"wp:featuredmedia":[{"embeddable":true,"href":"https:\/\/smania.store\/rs\/wp-json\/wp\/v2\/media\/32149"}],"wp:attachment":[{"href":"https:\/\/smania.store\/rs\/wp-json\/wp\/v2\/media?parent=32158"}],"wp:term":[{"taxonomy":"product_cat","embeddable":true,"href":"https:\/\/smania.store\/rs\/wp-json\/wp\/v2\/product_cat?post=32158"},{"taxonomy":"product_tag","embeddable":true,"href":"https:\/\/smania.store\/rs\/wp-json\/wp\/v2\/product_tag?post=32158"}],"curies":[{"name":"wp","href":"https:\/\/api.w.org\/{rel}","templated":true}]}}