{"id":32118,"date":"2024-02-28T10:16:31","date_gmt":"2024-02-28T09:16:31","guid":{"rendered":"https:\/\/smania.store\/rs\/proizvod\/wheely-odstranjivac-korova\/"},"modified":"2026-04-06T19:04:25","modified_gmt":"2026-04-06T17:04:25","slug":"wheely-odstranjivac-korova","status":"publish","type":"product","link":"https:\/\/smania.store\/rs\/proizvod\/wheely-odstranjivac-korova\/","title":{"rendered":"Wheely odstranjiva\u010d korova"},"content":{"rendered":"<div class=\"smania_landing_description_title\">NOVO! Wheely odstranjiva\u010d korova<\/div>\n<div class=\"smania_landing_description_txt\">Oslobodite se dosadnog korova!<\/div>\n<div class=\"smania_landing_description_subtitle\">Uklanjanje korova je najnaporniji posao koji oduzima vi\u0161e vremena od svih drugih poslova oko ku\u0107e. Sre\u0107om, postoji nova sprava da vam pomogne u tome! Wheely odstranjiva\u010d korova \u0107e da vam pomogne da uklonite korov iz va\u0161eg vrta brzo, effikasno i bez napornog saginjanja i kle\u010danja.<\/div>\n<div class=\"smania_landing_description_list\">\n<ul>\n<li>Oplevite vrt efikasno o\u0161trom metalnom kukom<\/li>\n<li>Mo\u017ee se pri\u010dvrstiti na svaku dr\u0161ku<\/li>\n<li>Kvalitetan metalni ram i to\u010dkovi<\/li>\n<li>Uklonite korov efikasno i bez napora<\/li>\n<li>Koristan svuda oko ku\u0107e<\/li>\n<\/ul><\/div>\n","protected":false},"excerpt":{"rendered":"<p>Uklonite korov na svim povr\u0161inama|Ubudu\u0107e bez kle\u010danja i saginjanja|Prika\u010di se za svaku dr\u0161ku|Visokokvalitetan metalni ram|To\u010dkovi za lak\u0161i rad|Smanjuje vreme plevljenja|Materijal: Ner\u0111aju\u0107i \u010delik, ABS|Te\u017eina: 400 g<\/p>\n","protected":false},"featured_media":32110,"template":"","meta":[],"product_cat":[16,1934],"product_tag":[1485],"acf":[],"_links":{"self":[{"href":"https:\/\/smania.store\/rs\/wp-json\/wp\/v2\/product\/32118"}],"collection":[{"href":"https:\/\/smania.store\/rs\/wp-json\/wp\/v2\/product"}],"about":[{"href":"https:\/\/smania.store\/rs\/wp-json\/wp\/v2\/types\/product"}],"wp:featuredmedia":[{"embeddable":true,"href":"https:\/\/smania.store\/rs\/wp-json\/wp\/v2\/media\/32110"}],"wp:attachment":[{"href":"https:\/\/smania.store\/rs\/wp-json\/wp\/v2\/media?parent=32118"}],"wp:term":[{"taxonomy":"product_cat","embeddable":true,"href":"https:\/\/smania.store\/rs\/wp-json\/wp\/v2\/product_cat?post=32118"},{"taxonomy":"product_tag","embeddable":true,"href":"https:\/\/smania.store\/rs\/wp-json\/wp\/v2\/product_tag?post=32118"}],"curies":[{"name":"wp","href":"https:\/\/api.w.org\/{rel}","templated":true}]}}