{"id":32040,"date":"2024-02-28T09:58:19","date_gmt":"2024-02-28T08:58:19","guid":{"rendered":"https:\/\/smania.store\/rs\/proizvod\/zidni-sat-peacock\/"},"modified":"2026-02-27T12:29:37","modified_gmt":"2026-02-27T11:29:37","slug":"zidni-sat-peacock","status":"publish","type":"product","link":"https:\/\/smania.store\/rs\/proizvod\/zidni-sat-peacock\/","title":{"rendered":"Zidni sat Peacock"},"content":{"rendered":"<div class=\"smania_landing_description_title\">NOVO! Zidni sat Peacock<\/div>\n<div class=\"smania_landing_description_txt\">Savr\u0161en sat za va\u0161 dom!<\/div>\n<div class=\"smania_landing_description_subtitle\">Dekori\u0161ite va\u0161 prostor, i nikad ne gubite pojam o vremenu sa ovim sofisticiranim zidnim satom Peacock. Dodajte jedinstven \u0161arm va\u0161im zidovima i zadivite svoje goste.<\/div>\n<div class=\"smania_landing_description_list\">\n<ul>\n<li>Predivna dekoracija<\/li>\n<li>Izvanredan dizajn pauna<\/li>\n<li>Precizni kvarcni mehanizam<\/li>\n<li>Tihi rad<\/li>\n<li>Savr\u0161en za svaku ku\u0107u ili kancelariju<\/li>\n<\/ul><\/div>\n","protected":false},"excerpt":{"rendered":"<p>Jedinstven sat|Sofisticirana dekoracija|Visokokvalitetna izrada|Precizan kvarcni mehanizam|Napajanje: 1 \u00d7 AA baterija (nije uklju\u010dena)|Dimenzije: 38 \u00d7 38 cm|Te\u017eina: 1200 g|Materijal: metal<\/p>\n","protected":false},"featured_media":32030,"template":"","meta":[],"product_cat":[16],"product_tag":[1489],"acf":[],"_links":{"self":[{"href":"https:\/\/smania.store\/rs\/wp-json\/wp\/v2\/product\/32040"}],"collection":[{"href":"https:\/\/smania.store\/rs\/wp-json\/wp\/v2\/product"}],"about":[{"href":"https:\/\/smania.store\/rs\/wp-json\/wp\/v2\/types\/product"}],"wp:featuredmedia":[{"embeddable":true,"href":"https:\/\/smania.store\/rs\/wp-json\/wp\/v2\/media\/32030"}],"wp:attachment":[{"href":"https:\/\/smania.store\/rs\/wp-json\/wp\/v2\/media?parent=32040"}],"wp:term":[{"taxonomy":"product_cat","embeddable":true,"href":"https:\/\/smania.store\/rs\/wp-json\/wp\/v2\/product_cat?post=32040"},{"taxonomy":"product_tag","embeddable":true,"href":"https:\/\/smania.store\/rs\/wp-json\/wp\/v2\/product_tag?post=32040"}],"curies":[{"name":"wp","href":"https:\/\/api.w.org\/{rel}","templated":true}]}}