{"id":32017,"date":"2024-02-28T09:56:11","date_gmt":"2024-02-28T08:56:11","guid":{"rendered":"https:\/\/smania.store\/rs\/proizvod\/fontana-za-kucne-ljubimce-flowy\/"},"modified":"2026-03-16T11:22:21","modified_gmt":"2026-03-16T10:22:21","slug":"fontana-za-kucne-ljubimce-flowy","status":"publish","type":"product","link":"https:\/\/smania.store\/rs\/proizvod\/fontana-za-kucne-ljubimce-flowy\/","title":{"rendered":"Fontana za ku\u0107ne ljubimce Flowy"},"content":{"rendered":"<div class=\"smania_landing_description_title\">Novo! \ud83d\udc3e Fontana za ku\u0107ne ljubimce Flowy<\/div>\n<div class=\"smania_landing_description_txt\">Sve\u017ea voda ceo dan!<\/div>\n<div class=\"smania_landing_description_subtitle\">Ova fontana je savr\u0161ena za one ljubimce koji odbijaju da piju iz posude za vodu. Omogu\u0107ava va\u0161em ljubimcu stalno snabdevanje sve\u017ee filtriranom vodom koja izvire iz slavine na vrhu ure\u0111aja.<\/div>\n<div class=\"smania_landing_description_list\">\n<ul>\n<li>Obezbe\u0111uje uvek sve\u017eu vodu<\/li>\n<li>Tiha i efikasna pumpa za vodu<\/li>\n<li>Bez mirisa, netoksi\u010dan, i izdr\u017eljiv PC materijal<\/li>\n<li>Dostupna sa senzorom pokreta<\/li>\n<li>Idealna za ma\u010dke, pse, \u010dak i za ptice<\/li>\n<\/ul><\/div>\n","protected":false},"excerpt":{"rendered":"<p>Idealna za ljubimce koji odbijaju da piju iz posude|Lako se rastavlja i pere|Efikasan i neverovatno tih rad|4 zamenljiva filtera za vodu su uklju\u010dena|Dostupna sa senzorom pokreta koji automatski pu\u0161ta vodu|Bezbedno za pranje u ma\u0161ini|Veli\u010dina: 16,5 \u00d7 15,5 cm|Te\u017eina: 600 g|Maksimalni kapacitet: 1,8 L|Materijal: PC namenjen za hranu<\/p>\n","protected":false},"featured_media":32009,"template":"","meta":[],"product_cat":[20,1955],"product_tag":[],"acf":[],"_links":{"self":[{"href":"https:\/\/smania.store\/rs\/wp-json\/wp\/v2\/product\/32017"}],"collection":[{"href":"https:\/\/smania.store\/rs\/wp-json\/wp\/v2\/product"}],"about":[{"href":"https:\/\/smania.store\/rs\/wp-json\/wp\/v2\/types\/product"}],"wp:featuredmedia":[{"embeddable":true,"href":"https:\/\/smania.store\/rs\/wp-json\/wp\/v2\/media\/32009"}],"wp:attachment":[{"href":"https:\/\/smania.store\/rs\/wp-json\/wp\/v2\/media?parent=32017"}],"wp:term":[{"taxonomy":"product_cat","embeddable":true,"href":"https:\/\/smania.store\/rs\/wp-json\/wp\/v2\/product_cat?post=32017"},{"taxonomy":"product_tag","embeddable":true,"href":"https:\/\/smania.store\/rs\/wp-json\/wp\/v2\/product_tag?post=32017"}],"curies":[{"name":"wp","href":"https:\/\/api.w.org\/{rel}","templated":true}]}}