{"id":31992,"date":"2024-02-28T09:54:24","date_gmt":"2024-02-28T08:54:24","guid":{"rendered":"https:\/\/smania.store\/rs\/proizvod\/mastercrafter-dleto-za-drvo\/"},"modified":"2026-02-07T20:01:44","modified_gmt":"2026-02-07T19:01:44","slug":"mastercrafter-dleto-za-drvo","status":"publish","type":"product","link":"https:\/\/smania.store\/rs\/proizvod\/mastercrafter-dleto-za-drvo\/","title":{"rendered":"Mastercrafter dleto za drvo"},"content":{"rendered":"<div class=\"smania_landing_description_title\">NOVO! Mastercrafter dleto za drvo<\/div>\n<div class=\"smania_landing_description_txt\">Napravi izuzetna umetni\u010dka dela na drvetu!<\/div>\n<div class=\"smania_landing_description_subtitle\">Probudi svog unutra\u0161njeg majstora vajara i iskle\u0161i svoj put do vrha sa ovim neverovatnim i zgodnim dletom za drvo Mastercrafter! Savr\u0161eno za ukra\u0161avanje tvojih omiljenih drvenih komada i u\u017eivanje u omiljenom zanatu.<\/div>\n<div class=\"smania_landing_description_list\">\n<ul>\n<li>5 specijalnih dodatnih glava<\/li>\n<li>Ergonomska protivklizna dr\u0161ka<\/li>\n<li>Savr\u0161eno za kompleksan dizajn na drvetu<\/li>\n<li>Kompatibilno sa svim bu\u0161ilicama i drugim rotirajuc\u0301im elektri\u010dnim alatima<\/li>\n<li>Neizostavan alat za sve zanatlije<\/li>\n<\/ul><\/div>\n","protected":false},"excerpt":{"rendered":"<p>Olak\u0161aj komplikovani dizajn na drvetu|Za rad je potrebna bu\u0161ilica|5 dodatnih glava dleta|Uklju\u010deno fleksibilno vratilo|Mekana protivklizna dr\u0161ka|Veli\u010dina: 28 \u00d7 160 mm<\/p>\n","protected":false},"featured_media":32001,"template":"","meta":[],"product_cat":[222,1612,21],"product_tag":[1509,1577,1484],"acf":[],"_links":{"self":[{"href":"https:\/\/smania.store\/rs\/wp-json\/wp\/v2\/product\/31992"}],"collection":[{"href":"https:\/\/smania.store\/rs\/wp-json\/wp\/v2\/product"}],"about":[{"href":"https:\/\/smania.store\/rs\/wp-json\/wp\/v2\/types\/product"}],"wp:featuredmedia":[{"embeddable":true,"href":"https:\/\/smania.store\/rs\/wp-json\/wp\/v2\/media\/32001"}],"wp:attachment":[{"href":"https:\/\/smania.store\/rs\/wp-json\/wp\/v2\/media?parent=31992"}],"wp:term":[{"taxonomy":"product_cat","embeddable":true,"href":"https:\/\/smania.store\/rs\/wp-json\/wp\/v2\/product_cat?post=31992"},{"taxonomy":"product_tag","embeddable":true,"href":"https:\/\/smania.store\/rs\/wp-json\/wp\/v2\/product_tag?post=31992"}],"curies":[{"name":"wp","href":"https:\/\/api.w.org\/{rel}","templated":true}]}}