{"id":31472,"date":"2024-02-01T15:54:49","date_gmt":"2024-02-01T14:54:49","guid":{"rendered":"https:\/\/smania.store\/rs\/proizvod\/zenska-rucna-torba-ophelia\/"},"modified":"2025-05-17T12:17:07","modified_gmt":"2025-05-17T10:17:07","slug":"zenska-rucna-torba-ophelia","status":"publish","type":"product","link":"https:\/\/smania.store\/rs\/proizvod\/zenska-rucna-torba-ophelia\/","title":{"rendered":"\u017denska ru\u010dna torba Ophelia"},"content":{"rendered":"<div class=\"smania_landing_description_title\">NOVO! Elegantna \u017eenska ru\u010dna torba Ophelia<\/div>\n<div class=\"smania_landing_description_txt\">Odu\u0161evite sofisticiranim stilom i smelom ko\u017eom!<\/div>\n<div class=\"smania_landing_description_subtitle\">Bilo da je nosite u le\u017eernom stilu, poslovnoj ve\u010deri ili za svakodnevnu upotrebu; izgleda\u0107ete moderno i elegantno u svakoj prilici sa Ophelia ru\u010dnom torbom. Obogatite svoju garderobu sa smelom ko\u017enom torbom i \u010duvajte sve svoje vrednosti pri ruci.<\/div>\n<div class=\"smania_landing_description_list\">\n<ul>\n<li>Sve va\u0161e dragocenosti su bezbedno sme\u0161tene na jednom mestu<\/li>\n<li>Prakti\u010dna za no\u0161enje preko ramena<\/li>\n<li>Moderan izgled ko\u017ee u 3 razli\u010ditih boja<\/li>\n<li>Savr\u0161en dodatak va\u0161oj garderobi<\/li>\n<li>Napravljena od kvalitetne sinteti\u010dke ko\u017ee<\/li>\n<\/ul><\/div>\n","protected":false},"excerpt":{"rendered":"<p>Sve vrednosti bezbedno sme\u0161tene i uvek pri ruci|3 unutra\u0161nja odeljka (jedan sa patent zatvaranjem) i kai\u0161 za rame|Bezvremeni izgled ko\u017ee|Savr\u0161ena dopuna va\u0161em poslovnoj i svakodnevnoj garderobi|Dovoljno prostrana za sve va\u0161e dnevne potrebe|Kvalitetna i izdr\u017eljiva sinteti\u010dka ko\u017ea spolja i poliester u unutra\u0161njosti|Dimenzije: 32 \u00d7 26 \u00d7 12 cm|Dostupna u 3 varijanti boja<\/p>\n","protected":false},"featured_media":31461,"template":"","meta":[],"product_cat":[22,1957,1955],"product_tag":[1515,1502],"acf":[],"_links":{"self":[{"href":"https:\/\/smania.store\/rs\/wp-json\/wp\/v2\/product\/31472"}],"collection":[{"href":"https:\/\/smania.store\/rs\/wp-json\/wp\/v2\/product"}],"about":[{"href":"https:\/\/smania.store\/rs\/wp-json\/wp\/v2\/types\/product"}],"wp:featuredmedia":[{"embeddable":true,"href":"https:\/\/smania.store\/rs\/wp-json\/wp\/v2\/media\/31461"}],"wp:attachment":[{"href":"https:\/\/smania.store\/rs\/wp-json\/wp\/v2\/media?parent=31472"}],"wp:term":[{"taxonomy":"product_cat","embeddable":true,"href":"https:\/\/smania.store\/rs\/wp-json\/wp\/v2\/product_cat?post=31472"},{"taxonomy":"product_tag","embeddable":true,"href":"https:\/\/smania.store\/rs\/wp-json\/wp\/v2\/product_tag?post=31472"}],"curies":[{"name":"wp","href":"https:\/\/api.w.org\/{rel}","templated":true}]}}