{"id":31456,"date":"2024-02-01T15:52:39","date_gmt":"2024-02-01T14:52:39","guid":{"rendered":"https:\/\/smania.store\/rs\/proizvod\/elegantni-zenski-ranac-2-u-1\/"},"modified":"2026-03-31T11:52:13","modified_gmt":"2026-03-31T09:52:13","slug":"elegantni-zenski-ranac-2-u-1","status":"publish","type":"product","link":"https:\/\/smania.store\/rs\/proizvod\/elegantni-zenski-ranac-2-u-1\/","title":{"rendered":"Elegantni \u017eenski ranac 2 u 1"},"content":{"rendered":"<div class=\"smania_landing_description_title\">INOVATIVNI DIZAJN! Ranac 2 u 1<\/div>\n<div class=\"smania_landing_description_txt\">\u0160arm klasi\u010dne torbe i prakti\u010dnost modernog ranca!<\/div>\n<div class=\"smania_landing_description_subtitle\">Mekani ranac 2 u 1 \u0107e da vas zadivi kapacitetom koji vam omogu\u0107ava da imate sve \u0161to vam treba za dnevne aktivnosti na dohvat ruke. Sa jednostavnim pode\u0161avanjem traka, ranac prilago\u0111avate va\u0161em stilu, da uvek budete spremni za dnevne avanture.<\/div>\n<div class=\"smania_landing_description_list\">\n<ul>\n<li>Prilago\u0111ava se va\u0161em stilu<\/li>\n<li>Napravljen od mekanih materijala, prijatan na dodir<\/li>\n<li>Mo\u017ee se nositi na dva na\u010dina<\/li>\n<li>Lako podesive trake<\/li>\n<li>Ima veoma prostrane odeljke<\/li>\n<\/ul><\/div>\n","protected":false},"excerpt":{"rendered":"<p>Dva prakti\u010dna bo\u010dna d\u017eepa|Savr\u0161en za va\u0161a putovanja|Elegantan i moderan izgled|Podesive trake|Prakti\u010dno zip zatvaranje|Dostupan u 2 boje|Dimenzije: 30 \u00d7 16 \u00d7 31 cm|Napravljen od sinteti\u010dke ko\u017ee otporne na habanje<\/p>\n","protected":false},"featured_media":31446,"template":"","meta":[],"product_cat":[22,1955],"product_tag":[1515,1502],"acf":[],"_links":{"self":[{"href":"https:\/\/smania.store\/rs\/wp-json\/wp\/v2\/product\/31456"}],"collection":[{"href":"https:\/\/smania.store\/rs\/wp-json\/wp\/v2\/product"}],"about":[{"href":"https:\/\/smania.store\/rs\/wp-json\/wp\/v2\/types\/product"}],"wp:featuredmedia":[{"embeddable":true,"href":"https:\/\/smania.store\/rs\/wp-json\/wp\/v2\/media\/31446"}],"wp:attachment":[{"href":"https:\/\/smania.store\/rs\/wp-json\/wp\/v2\/media?parent=31456"}],"wp:term":[{"taxonomy":"product_cat","embeddable":true,"href":"https:\/\/smania.store\/rs\/wp-json\/wp\/v2\/product_cat?post=31456"},{"taxonomy":"product_tag","embeddable":true,"href":"https:\/\/smania.store\/rs\/wp-json\/wp\/v2\/product_tag?post=31456"}],"curies":[{"name":"wp","href":"https:\/\/api.w.org\/{rel}","templated":true}]}}