{"id":29310,"date":"2023-09-12T11:44:25","date_gmt":"2023-09-12T09:44:25","guid":{"rendered":"https:\/\/smania.store\/rs\/proizvod\/zidni-sat-cleffo\/"},"modified":"2025-12-16T00:02:30","modified_gmt":"2025-12-15T23:02:30","slug":"zidni-sat-cleffo","status":"publish","type":"product","link":"https:\/\/smania.store\/rs\/proizvod\/zidni-sat-cleffo\/","title":{"rendered":"Zidni sat Cleffo"},"content":{"rendered":"<div class=\"smania_landing_description_title\">NOVO! Zidni sat Cleffo<\/div>\n<div class=\"smania_landing_description_txt\">Jedinstveni primerak sata za sve ljubitelje muzike!<\/div>\n<div class=\"smania_landing_description_subtitle\">Ukrasi\u0107ete svoj prostor, i nikad ne\u0107ete zaboraviti na vreme uz ovaj sofisticirani zidni sat Cleffo. Unesite dah muzike u va\u0161u dnevnu rutinu i zadivite svoje goste.<\/div>\n<div class=\"smania_landing_description_list\">\n<ul>\n<li>Predivan primerak ukrasa<\/li>\n<li>Izuzetan dizajn violinskog klju\u010da<\/li>\n<li>Precizni kvarcni mehanizam<\/li>\n<li>Tihi rad<\/li>\n<li>Savr\u0161en za sve muzi\u010dke entuzijaste<\/li>\n<li>Isporu\u010duje se sa dodatnim kazaljkama<\/li>\n<\/ul><\/div>\n","protected":false},"excerpt":{"rendered":"<p>Jedinstven primerak sata|Sofisticirana dekoracija|Visokokvalitetna izrada|Precizni kvarcni mehanizam|Dostupan u 3 boje|Radi na baterije (nisu uklju\u010dene)|Dimenzije: 290 \u00d7 9 \u00d7 520 mm|Materijal: drvo<\/p>\n","protected":false},"featured_media":29303,"template":"","meta":[],"product_cat":[16],"product_tag":[1489],"acf":[],"_links":{"self":[{"href":"https:\/\/smania.store\/rs\/wp-json\/wp\/v2\/product\/29310"}],"collection":[{"href":"https:\/\/smania.store\/rs\/wp-json\/wp\/v2\/product"}],"about":[{"href":"https:\/\/smania.store\/rs\/wp-json\/wp\/v2\/types\/product"}],"wp:featuredmedia":[{"embeddable":true,"href":"https:\/\/smania.store\/rs\/wp-json\/wp\/v2\/media\/29303"}],"wp:attachment":[{"href":"https:\/\/smania.store\/rs\/wp-json\/wp\/v2\/media?parent=29310"}],"wp:term":[{"taxonomy":"product_cat","embeddable":true,"href":"https:\/\/smania.store\/rs\/wp-json\/wp\/v2\/product_cat?post=29310"},{"taxonomy":"product_tag","embeddable":true,"href":"https:\/\/smania.store\/rs\/wp-json\/wp\/v2\/product_tag?post=29310"}],"curies":[{"name":"wp","href":"https:\/\/api.w.org\/{rel}","templated":true}]}}