{"id":28701,"date":"2023-08-11T08:42:49","date_gmt":"2023-08-11T06:42:49","guid":{"rendered":"https:\/\/smania.store\/rs\/proizvod\/torba-za-dokumente-docsafe\/"},"modified":"2026-03-12T14:37:47","modified_gmt":"2026-03-12T13:37:47","slug":"torba-za-dokumente-docsafe","status":"publish","type":"product","link":"https:\/\/smania.store\/rs\/proizvod\/torba-za-dokumente-docsafe\/","title":{"rendered":"Torba za dokumente DocSafe"},"content":{"rendered":"<div class=\"smania_landing_description_title\">NOVO! Torba za dokumente DocSafe<\/div>\n<div class=\"smania_landing_description_txt\">Za\u0161titite svoje va\u017ene papire!<\/div>\n<div class=\"smania_landing_description_subtitle\">Neki papirni dokumenti jo\u0161 uvek igraju va\u017enu ulogu u poslovnom i privatnom \u017eivotu. DocSafe torba za sme\u0161taj i za\u0161titu uredno slo\u017eenih va\u0161ih dokumenata je za\u0161tita koja vam je potrebna.<\/div>\n<div class=\"smania_landing_description_list\">\n<ul>\n<li>Vi\u0161estruki, lako dostupni slojevi<\/li>\n<li>Raznoliki odeljci za sme\u0161taj celokupne va\u0161e dokumentacije<\/li>\n<li>Visokokvalitetan, izdr\u017eljiv i vodootporan materijal<\/li>\n<li>3-cifrena sigurnosna brava za dodatnu za\u0161titu<\/li>\n<li>Idealna za kartice, paso\u0161e, papire formata A4, fotografije, i drugo<\/li>\n<\/ul><\/div>\n","protected":false},"excerpt":{"rendered":"<p>3-cifrena sigurnosna brava|Prakti\u010dni dizajn za kolica|Zgodna dr\u0161ka za prenos|Patent zatvara\u010d koji lako klizi|4 odvojivih odeljaka|Izaberite svoju boju|Dimenzije: 37 \u00d7 27 \u00d7 20 cm|Materijal: oxford cloth<\/p>\n","protected":false},"featured_media":36140,"template":"","meta":[],"product_cat":[16],"product_tag":[1549],"acf":[],"_links":{"self":[{"href":"https:\/\/smania.store\/rs\/wp-json\/wp\/v2\/product\/28701"}],"collection":[{"href":"https:\/\/smania.store\/rs\/wp-json\/wp\/v2\/product"}],"about":[{"href":"https:\/\/smania.store\/rs\/wp-json\/wp\/v2\/types\/product"}],"wp:featuredmedia":[{"embeddable":true,"href":"https:\/\/smania.store\/rs\/wp-json\/wp\/v2\/media\/36140"}],"wp:attachment":[{"href":"https:\/\/smania.store\/rs\/wp-json\/wp\/v2\/media?parent=28701"}],"wp:term":[{"taxonomy":"product_cat","embeddable":true,"href":"https:\/\/smania.store\/rs\/wp-json\/wp\/v2\/product_cat?post=28701"},{"taxonomy":"product_tag","embeddable":true,"href":"https:\/\/smania.store\/rs\/wp-json\/wp\/v2\/product_tag?post=28701"}],"curies":[{"name":"wp","href":"https:\/\/api.w.org\/{rel}","templated":true}]}}