{"id":28422,"date":"2023-07-26T08:16:01","date_gmt":"2023-07-26T06:16:01","guid":{"rendered":"https:\/\/smania.store\/rs\/proizvod\/muske-bokserice-cory\/"},"modified":"2026-01-06T14:18:18","modified_gmt":"2026-01-06T13:18:18","slug":"muske-bokserice-cory","status":"publish","type":"product","link":"https:\/\/smania.store\/rs\/proizvod\/muske-bokserice-cory\/","title":{"rendered":"Mu\u0161ke bokserice Cory"},"content":{"rendered":"<div class=\"smania_landing_description_title\">NOVO u ponudi! Layoners Mu\u0161ke bokserice Cory<\/div>\n<div class=\"smania_landing_description_txt\">Nosite vrhunski kvalitet i osetite udobnost!<\/div>\n<div class=\"smania_landing_description_subtitle\">U\u017eivajte u luksuznom izgledu i mre\u017eastom dizajnu koji omogu\u0107ava ve\u0107u izdr\u017eljivost, eleganciju i prozra\u010dnost bokserica. Lagani ose\u0107aj tkanine kao da je va\u0161a druga ko\u017ea.<\/div>\n<div class=\"smania_landing_description_list\">\n<ul>\n<li>Razli\u010diti seti u ponudi<\/li>\n<li>Elasti\u010dan i udoban pojas<\/li>\n<li>Izuzetno trajne i udobne<\/li>\n<li>Visokokvalitetan dizajn<\/li>\n<li>Zbog higijenskih razloga nije mogu\u0107 povrat donjeg ve\u0161a<\/li>\n<\/ul><\/div>\n","protected":false},"excerpt":{"rendered":"<p>Bokserice koje prate liniju|Visokokvalitetan dizajn|Zadr\u017eavaju boju nakon pranja|Elasti\u010dne i lagane|Ne\u017ean i udoban pojas|Brzo se su\u0161e|Materijali: 95% pamuk, elastin|Veli\u010dine S, M, L, XL, XXL<\/p>\n","protected":false},"featured_media":35552,"template":"","meta":[],"product_cat":[1770,21],"product_tag":[1496,1781,1583],"acf":[],"_links":{"self":[{"href":"https:\/\/smania.store\/rs\/wp-json\/wp\/v2\/product\/28422"}],"collection":[{"href":"https:\/\/smania.store\/rs\/wp-json\/wp\/v2\/product"}],"about":[{"href":"https:\/\/smania.store\/rs\/wp-json\/wp\/v2\/types\/product"}],"wp:featuredmedia":[{"embeddable":true,"href":"https:\/\/smania.store\/rs\/wp-json\/wp\/v2\/media\/35552"}],"wp:attachment":[{"href":"https:\/\/smania.store\/rs\/wp-json\/wp\/v2\/media?parent=28422"}],"wp:term":[{"taxonomy":"product_cat","embeddable":true,"href":"https:\/\/smania.store\/rs\/wp-json\/wp\/v2\/product_cat?post=28422"},{"taxonomy":"product_tag","embeddable":true,"href":"https:\/\/smania.store\/rs\/wp-json\/wp\/v2\/product_tag?post=28422"}],"curies":[{"name":"wp","href":"https:\/\/api.w.org\/{rel}","templated":true}]}}