{"id":28215,"date":"2023-07-11T07:56:16","date_gmt":"2023-07-11T05:56:16","guid":{"rendered":"https:\/\/smania.store\/rs\/proizvod\/set-rucnih-torbi-emilia\/"},"modified":"2026-02-08T00:00:41","modified_gmt":"2026-02-07T23:00:41","slug":"set-rucnih-torbi-emilia","status":"publish","type":"product","link":"https:\/\/smania.store\/rs\/proizvod\/set-rucnih-torbi-emilia\/","title":{"rendered":"Set ru\u010dnih torbi Emilia"},"content":{"rendered":"<div class=\"smania_landing_description_title\">NOVO! \ud83d\udc5c Set ru\u010dnih torbi Emilia<\/div>\n<div class=\"smania_landing_description_txt\">Zadivite sve o\u010daravaju\u0107om torbom za svaku priliku!<\/div>\n<div class=\"smania_landing_description_subtitle\">Bez obzira da li je u pitanju naporan radni dan, brzi odlazak u kupovinu, ili no\u0107 u gradu \u2013 set Emilia vam pru\u017ea upravo to \u0161to vam treba. U\u017eivajte u raznovrsnom i modernom setu koji mo\u017ee da nosi sve va\u0161e osnovne stvari i koji odgovara va\u0161em individualnom stilu.<\/div>\n<div class=\"smania_landing_description_list\">\n<ul>\n<li>Set od 6 razli\u010ditih torbica i nov\u010danika<\/li>\n<li>Sadr\u017ei i prakti\u010dnu torbicu za klju\u010deve<\/li>\n<li>Atraktivni izgled ko\u017ee sa obojenim akcentima<\/li>\n<li>Visokokvalitetni fini\u0161 metalnih delova<\/li>\n<li>Klasi\u010dni dodatak za va\u0161 svakodnevni ili profesionalni stil<\/li>\n<\/ul><\/div>\n","protected":false},"excerpt":{"rendered":"<p>Set sadr\u017ei 6 razli\u010ditih torbica|Sve od ru\u010dne torbe do torbice za klju\u010deve|Bezvremeni izgled ko\u017ee|Ulep\u0161ajte garderobu prefinjenim, o\u010daravaju\u0107im dodatkom|5 stiliskih akcentnih boja|Napravljen od visokokvalitetne izdr\u017eljive sinteti\u010dke ko\u017ee|Sadr\u017ei: 3 torbe, neseser, nov\u010danik i torbicu za klju\u010deve|Sve torbe imaju patent zatvara\u010de<\/p>\n","protected":false},"featured_media":28206,"template":"","meta":[],"product_cat":[22],"product_tag":[1515,1502],"acf":[],"_links":{"self":[{"href":"https:\/\/smania.store\/rs\/wp-json\/wp\/v2\/product\/28215"}],"collection":[{"href":"https:\/\/smania.store\/rs\/wp-json\/wp\/v2\/product"}],"about":[{"href":"https:\/\/smania.store\/rs\/wp-json\/wp\/v2\/types\/product"}],"wp:featuredmedia":[{"embeddable":true,"href":"https:\/\/smania.store\/rs\/wp-json\/wp\/v2\/media\/28206"}],"wp:attachment":[{"href":"https:\/\/smania.store\/rs\/wp-json\/wp\/v2\/media?parent=28215"}],"wp:term":[{"taxonomy":"product_cat","embeddable":true,"href":"https:\/\/smania.store\/rs\/wp-json\/wp\/v2\/product_cat?post=28215"},{"taxonomy":"product_tag","embeddable":true,"href":"https:\/\/smania.store\/rs\/wp-json\/wp\/v2\/product_tag?post=28215"}],"curies":[{"name":"wp","href":"https:\/\/api.w.org\/{rel}","templated":true}]}}