{"id":28135,"date":"2023-07-11T07:44:26","date_gmt":"2023-07-11T05:44:26","guid":{"rendered":"https:\/\/smania.store\/rs\/proizvod\/zenske-papuce-beachies\/"},"modified":"2025-09-15T00:07:04","modified_gmt":"2025-09-14T22:07:04","slug":"zenske-papuce-beachies","status":"publish","type":"product","link":"https:\/\/smania.store\/rs\/proizvod\/zenske-papuce-beachies\/","title":{"rendered":"\u017denske papu\u010de Beachies"},"content":{"rendered":"<div class=\"smania_landing_description_title\">Novo! \u017denske papu\u010de Beachies<\/div>\n<div class=\"smania_landing_description_txt\">U\u017eivajte u \u0161arenom letu!<\/div>\n<div class=\"smania_landing_description_subtitle\">Obujte ove modne papu\u010de za pla\u017eu i zakora\u010dite u leto sa stilom. Neklizaju\u0107i \u0111on omogu\u0107ava dobro prianjanje na mokru podlogu, \u010dine\u0107i ih idealnim za avanture na pla\u017ei ili na bazenu.<\/div>\n<div class=\"smania_landing_description_list\">\n<ul>\n<li>Jedinstven i moderan izgled<\/li>\n<li>Idealne za vrele letnje dane<\/li>\n<li>Prakti\u010dan dizajn na navla\u010denje<\/li>\n<li>Lagane, mekane, i neverovatno udobne<\/li>\n<li>Savr\u0161ene za banje, bazene, ili pla\u017ee<\/li>\n<\/ul>\n<\/div>\n","protected":false},"excerpt":{"rendered":"<p>Jarke boje|Moderan dizajn|Savr\u0161ene za svakodnevno no\u0161enje|Neklizaju\u0107i \u0111on|Mekane i udobne|Dizajn sa navla\u010denjem|Materijal: 95% PVC + 5% PU|Dostupne u veli\u010dinama: 36\u201341<\/p>\n","protected":false},"featured_media":28126,"template":"","meta":[],"product_cat":[1770,1955],"product_tag":[1781],"acf":[],"_links":{"self":[{"href":"https:\/\/smania.store\/rs\/wp-json\/wp\/v2\/product\/28135"}],"collection":[{"href":"https:\/\/smania.store\/rs\/wp-json\/wp\/v2\/product"}],"about":[{"href":"https:\/\/smania.store\/rs\/wp-json\/wp\/v2\/types\/product"}],"wp:featuredmedia":[{"embeddable":true,"href":"https:\/\/smania.store\/rs\/wp-json\/wp\/v2\/media\/28126"}],"wp:attachment":[{"href":"https:\/\/smania.store\/rs\/wp-json\/wp\/v2\/media?parent=28135"}],"wp:term":[{"taxonomy":"product_cat","embeddable":true,"href":"https:\/\/smania.store\/rs\/wp-json\/wp\/v2\/product_cat?post=28135"},{"taxonomy":"product_tag","embeddable":true,"href":"https:\/\/smania.store\/rs\/wp-json\/wp\/v2\/product_tag?post=28135"}],"curies":[{"name":"wp","href":"https:\/\/api.w.org\/{rel}","templated":true}]}}