{"id":28095,"date":"2023-07-11T07:33:05","date_gmt":"2023-07-11T05:33:05","guid":{"rendered":"https:\/\/smania.store\/rs\/proizvod\/muski-retro-sat-woodster\/"},"modified":"2025-02-05T22:34:23","modified_gmt":"2025-02-05T21:34:23","slug":"muski-retro-sat-woodster","status":"publish","type":"product","link":"https:\/\/smania.store\/rs\/proizvod\/muski-retro-sat-woodster\/","title":{"rendered":"Mu\u0161ki retro sat Woodster"},"content":{"rendered":"<div class=\"smania_landing_description_title\">Novo! Mu\u0161ki retro sat Woodster<\/div>\n<div class=\"smania_landing_description_txt\">Va\u0161e vreme je sad!<\/div>\n<div class=\"smania_landing_description_subtitle\">Woodster je jedinstven drveni sat sa \u0161upljinom oko brojeva. Napravljen od visokokvalitetnih prirodnih materijala, ima pouzdan kvarcni mehanizam i izgleda sjajno na svakoj ruci. Upe\u010datljiv klasi\u010dni primerak koji privla\u010di poglede!<\/div>\n<div class=\"smania_landing_description_list\">\n<ul>\n<li>Savr\u0161en za poslovni i svakodnevni stil<\/li>\n<li>Veliko drveno ku\u0107i\u0161te<\/li>\n<li>Jedinstven dizajn sa \u0161upljinama<\/li>\n<li>Podesiv ko\u017eni kai\u0161<\/li>\n<li>Napravljen od kvalitetnih, prirodnih materijala<\/li>\n<\/ul><\/div>\n","protected":false},"excerpt":{"rendered":"<p>Mekani ko\u017eni kai\u0161|Elegantan i moderan|Precizni kvarcni mehanizam|Tip vezivanja: klasi\u010dna \u0161nala|Materijal: drvo, ko\u017ea, smola|Pre\u010dnik ku\u0107i\u0161ta: 4,5 cm|Debljina ku\u0107i\u0161ta: 1,2 cm|\u0160irina kai\u0161a: 2,2 cm|Du\u017eina kai\u0161a: 24 cm|Te\u017eina: 33 g<\/p>\n","protected":false},"featured_media":28087,"template":"","meta":[],"product_cat":[1563,22],"product_tag":[1496,1847],"acf":[],"_links":{"self":[{"href":"https:\/\/smania.store\/rs\/wp-json\/wp\/v2\/product\/28095"}],"collection":[{"href":"https:\/\/smania.store\/rs\/wp-json\/wp\/v2\/product"}],"about":[{"href":"https:\/\/smania.store\/rs\/wp-json\/wp\/v2\/types\/product"}],"wp:featuredmedia":[{"embeddable":true,"href":"https:\/\/smania.store\/rs\/wp-json\/wp\/v2\/media\/28087"}],"wp:attachment":[{"href":"https:\/\/smania.store\/rs\/wp-json\/wp\/v2\/media?parent=28095"}],"wp:term":[{"taxonomy":"product_cat","embeddable":true,"href":"https:\/\/smania.store\/rs\/wp-json\/wp\/v2\/product_cat?post=28095"},{"taxonomy":"product_tag","embeddable":true,"href":"https:\/\/smania.store\/rs\/wp-json\/wp\/v2\/product_tag?post=28095"}],"curies":[{"name":"wp","href":"https:\/\/api.w.org\/{rel}","templated":true}]}}