{"id":27504,"date":"2023-05-29T12:28:07","date_gmt":"2023-05-29T10:28:07","guid":{"rendered":"https:\/\/smania.store\/rs\/proizvod\/sokne-lolita\/"},"modified":"2025-11-04T11:22:54","modified_gmt":"2025-11-04T10:22:54","slug":"sokne-lolita","status":"publish","type":"product","link":"https:\/\/smania.store\/rs\/proizvod\/sokne-lolita\/","title":{"rendered":"Komplet sokni Lolita"},"content":{"rendered":"<div class=\"smania_landing_description_title\">NOVO! Komplet sokni Lolita<\/div>\n<div class=\"smania_landing_description_txt\">Razmazite svoja stopala stilom i udobno\u0161\u0107u!<\/div>\n<div class=\"smania_landing_description_subtitle\">Obujte Lolita sokne i u\u017eivajte u njihovom prijatnom materijalu i modernom dizajnu istovremeno dodaju\u0107i elegantnu notu va\u0161em stilu odevanja.<\/div>\n<div class=\"smania_landing_description_list\">\n<ul>\n<li>Udobne za celodnevno no\u0161enje<\/li>\n<li>Mekan i prozra\u010dan materijal<\/li>\n<li>Rastegljiv i moderan dizajn<\/li>\n<li>Odgovara stopalu veli\u010dine od 35\u201339<\/li>\n<li>Pakovanje sadr\u017ei 5 pari<\/li>\n<\/ul><\/div>\n","protected":false},"excerpt":{"rendered":"<p>Rastegljiv i prilagodljiv dizajn|Mekane i udobne za no\u0161enje|Prijatan i prozra\u010dan materijal|Jedna veli\u010dina odgovara stopalu veli\u010dine 35\u201339|Materijal: pamuk, poliester|5 pari u pakovanju<\/p>\n","protected":false},"featured_media":33422,"template":"","meta":[],"product_cat":[1770,1955,21],"product_tag":[1781,1583,1502],"acf":[],"_links":{"self":[{"href":"https:\/\/smania.store\/rs\/wp-json\/wp\/v2\/product\/27504"}],"collection":[{"href":"https:\/\/smania.store\/rs\/wp-json\/wp\/v2\/product"}],"about":[{"href":"https:\/\/smania.store\/rs\/wp-json\/wp\/v2\/types\/product"}],"wp:featuredmedia":[{"embeddable":true,"href":"https:\/\/smania.store\/rs\/wp-json\/wp\/v2\/media\/33422"}],"wp:attachment":[{"href":"https:\/\/smania.store\/rs\/wp-json\/wp\/v2\/media?parent=27504"}],"wp:term":[{"taxonomy":"product_cat","embeddable":true,"href":"https:\/\/smania.store\/rs\/wp-json\/wp\/v2\/product_cat?post=27504"},{"taxonomy":"product_tag","embeddable":true,"href":"https:\/\/smania.store\/rs\/wp-json\/wp\/v2\/product_tag?post=27504"}],"curies":[{"name":"wp","href":"https:\/\/api.w.org\/{rel}","templated":true}]}}