{"id":27449,"date":"2023-05-29T12:10:42","date_gmt":"2023-05-29T10:10:42","guid":{"rendered":"https:\/\/smania.store\/rs\/proizvod\/2-dodatne-glave-cetke\/"},"modified":"2026-02-25T22:58:46","modified_gmt":"2026-02-25T21:58:46","slug":"2-dodatne-glave-cetke","status":"publish","type":"product","link":"https:\/\/smania.store\/rs\/proizvod\/2-dodatne-glave-cetke\/","title":{"rendered":"Set \u010detki Fuzz"},"content":{"rendered":"<div class=\"smania_landing_description_title\">Ponovo na zalihama! Set \u010detki Fuzz<\/div>\n<div class=\"smania_landing_description_txt\">Negujte svoj automobil!<\/div>\n<div class=\"smania_landing_description_subtitle\">Pobrinite se da va\u0161e vozilo bude blistavo \u010disto sa setom \u010detki Fuzz. Meke \u010dekinje su ne\u017ene i ne o\u0161te\u0107uju boju, \u010dine\u0107i ovu \u010detku za \u010di\u0161\u0107enje savr\u0161enom za sve povr\u0161ine, od prozora, guma, svetala do krova automobila.<\/div>\n<div class=\"smania_landing_description_list\">\n<ul>\n<li>Set od 2 krpe za \u010detke<\/li>\n<li>Izuzetno fina \u017eenila tkanina<\/li>\n<li>Superiorna sposobnost upijanja<\/li>\n<li>Mo\u017ee se prati do 100 puta<\/li>\n<li>Mekane \u010dekinje obezbe\u0111uju sigurno \u010di\u0161\u0107enje svih povr\u0161ina<\/li>\n<\/ul>\n<\/div>\n<div class=\"store_includes\">\n<div class=\"store_includes_opomba\">\n<div class=\"store_includes_opomba_item\">Kompatibilne samo sa na\u0161om produ\u017enom \u010detkom za pranje automobila Fuzz.<\/div>\n<\/div>\n<\/div>\n","protected":false},"excerpt":{"rendered":"<p>Kompatibilne samo sa na\u0161om produ\u017enom \u010detkom za pranje automobila Fuzz|Set od 2 krpe sa \u010detkom|Mogu se prati i ponovo koristiti|Savr\u0161ene za sve povr\u0161ine|Superiorna sposobnost upijanja|Uklanjaju ne\u010disto\u0107u i polen|Materijal: \u017eenila tkanina|Veli\u010dina: 27 \u00d7 15 cm<\/p>\n","protected":false},"featured_media":30793,"template":"","meta":[],"product_cat":[1701,1840],"product_tag":[],"acf":[],"_links":{"self":[{"href":"https:\/\/smania.store\/rs\/wp-json\/wp\/v2\/product\/27449"}],"collection":[{"href":"https:\/\/smania.store\/rs\/wp-json\/wp\/v2\/product"}],"about":[{"href":"https:\/\/smania.store\/rs\/wp-json\/wp\/v2\/types\/product"}],"wp:featuredmedia":[{"embeddable":true,"href":"https:\/\/smania.store\/rs\/wp-json\/wp\/v2\/media\/30793"}],"wp:attachment":[{"href":"https:\/\/smania.store\/rs\/wp-json\/wp\/v2\/media?parent=27449"}],"wp:term":[{"taxonomy":"product_cat","embeddable":true,"href":"https:\/\/smania.store\/rs\/wp-json\/wp\/v2\/product_cat?post=27449"},{"taxonomy":"product_tag","embeddable":true,"href":"https:\/\/smania.store\/rs\/wp-json\/wp\/v2\/product_tag?post=27449"}],"curies":[{"name":"wp","href":"https:\/\/api.w.org\/{rel}","templated":true}]}}