{"id":27413,"date":"2023-05-29T11:55:35","date_gmt":"2023-05-29T09:55:35","guid":{"rendered":"https:\/\/smania.store\/rs\/proizvod\/ambijentalno-nocno-svetlo-sea-life\/"},"modified":"2024-07-26T08:28:22","modified_gmt":"2024-07-26T06:28:22","slug":"ambijentalno-nocno-svetlo-sea-life","status":"publish","type":"product","link":"https:\/\/smania.store\/rs\/proizvod\/ambijentalno-nocno-svetlo-sea-life\/","title":{"rendered":"Ambijentalno no\u0107no svetlo Sea Life"},"content":{"rendered":"<div class=\"smania_landing_description_title\">NOVO! Ambijentalno no\u0107no svetlo Sea Life<\/div>\n<div class=\"smania_landing_description_txt\">Predivna scena misterioznih morskih dubina!<\/div>\n<div class=\"smania_landing_description_subtitle\">Ukrasite svoj dom Sea Life ambijentalnim no\u0107nim svetlom, idealnim za sve ljubitelje okeana i njegovih misterija! O\u010daravaju\u0107i dizajn i fascinantna scena kita i ronilaca u ne\u017enoj LED svetlosti \u0161alje misteriozne i umiruju\u0107e vibracije. <\/div>\n<div class=\"smania_landing_description_list\">\n<ul>\n<li>Prelepa dekoracija doma<\/li>\n<li>Emitiuje ne\u017eno svetlo<\/li>\n<li>Jedinstven poklon za ljubitelje mora i ronjenja <\/li>\n<li>Napajanje USB kablom (isporu\u010dujemo)<\/li>\n<li>Napravljeno od vrhunske epoksi smole<\/li>\n<\/ul><\/div>\n","protected":false},"excerpt":{"rendered":"<p>Predivna dekoracija doma|Ne\u017ena bela svetlost|Energetska efikasnost LED|USB-napajanje (isporu\u010dujemo kabl)|Napon: 1\u20132 W|Veli\u010dina M: 18 \u00d7 9 cm |Veli\u010dina L: 25 \u00d7 13 cm |Materijal: epoksi smola, drvo <\/p>\n","protected":false},"featured_media":27406,"template":"","meta":[],"product_cat":[16,1955],"product_tag":[1489],"acf":[],"_links":{"self":[{"href":"https:\/\/smania.store\/rs\/wp-json\/wp\/v2\/product\/27413"}],"collection":[{"href":"https:\/\/smania.store\/rs\/wp-json\/wp\/v2\/product"}],"about":[{"href":"https:\/\/smania.store\/rs\/wp-json\/wp\/v2\/types\/product"}],"wp:featuredmedia":[{"embeddable":true,"href":"https:\/\/smania.store\/rs\/wp-json\/wp\/v2\/media\/27406"}],"wp:attachment":[{"href":"https:\/\/smania.store\/rs\/wp-json\/wp\/v2\/media?parent=27413"}],"wp:term":[{"taxonomy":"product_cat","embeddable":true,"href":"https:\/\/smania.store\/rs\/wp-json\/wp\/v2\/product_cat?post=27413"},{"taxonomy":"product_tag","embeddable":true,"href":"https:\/\/smania.store\/rs\/wp-json\/wp\/v2\/product_tag?post=27413"}],"curies":[{"name":"wp","href":"https:\/\/api.w.org\/{rel}","templated":true}]}}