{"id":27305,"date":"2023-05-29T11:03:47","date_gmt":"2023-05-29T09:03:47","guid":{"rendered":"https:\/\/smania.store\/rs\/proizvod\/suncobran-za-vetrobran-coolit\/"},"modified":"2026-03-18T10:54:38","modified_gmt":"2026-03-18T09:54:38","slug":"suncobran-za-vetrobran-coolit","status":"publish","type":"product","link":"https:\/\/smania.store\/rs\/proizvod\/suncobran-za-vetrobran-coolit\/","title":{"rendered":"Suncobran za vetrobran CoolIt"},"content":{"rendered":"<div class=\"smania_landing_description_title\">NOVO! Suncobran za vetroban CoolIt<\/div>\n<div class=\"smania_landing_description_txt\">Ne\u0107ete vi\u0161e pr\u017eiti ruke na vrelom volanu!<\/div>\n<div class=\"smania_landing_description_subtitle\">CoolIt suncobran za vetroban sni\u017eava temperaturu va\u0161eg automobila do 40 stepeni i \u0161titi unutra\u0161njost od \u0161tetnih ultraljubi\u010dastih zraka, koji o\u0161te\u0107uju i izble\u0111uju. Obezbedite udobno okru\u017eenje za vo\u017enju i u\u017eivajte voze\u0107i \u010dak i tokom vrelih letnjih dana!<\/div>\n<div class=\"smania_landing_description_list\">\n<ul>\n<li>Idealna za\u0161tita automobila od sunca u letnjim mesecima<\/li>\n<li>Zna\u010dajno smanjuje unutra\u0161nju temperaturu i blokira UV zrake<\/li>\n<li>\u0160titi unutra\u0161njost automobila od o\u0161te\u0107enja zbog izlaganja suncu<\/li>\n<li>Sklopiv i kompaktan sa uklju\u010denom torbom za odlaganje<\/li>\n<li>Pogodan za ve\u0107inu automobila, kombija i kamiona<\/li>\n<\/ul><\/div>\n","protected":false},"excerpt":{"rendered":"<p>Efikasna za\u0161tita od sunca|Sklopiv i lako se odla\u017ee|Dugi rok trajanja i pouzdano kori\u0161\u0107enje|\u0160titi od UV zraka|Dve veli\u010dine za izbor|Splja\u0161nji sloj je prekriven aluminijumom|Du\u017eina sklopljenog: 28.5 cm (S) ili 30 cm (L)|Ko\u017ena torba za odlaganje je uklju\u010dena<\/p>\n","protected":false},"featured_media":27297,"template":"","meta":[],"product_cat":[18,1955],"product_tag":[1551,1540],"acf":[],"_links":{"self":[{"href":"https:\/\/smania.store\/rs\/wp-json\/wp\/v2\/product\/27305"}],"collection":[{"href":"https:\/\/smania.store\/rs\/wp-json\/wp\/v2\/product"}],"about":[{"href":"https:\/\/smania.store\/rs\/wp-json\/wp\/v2\/types\/product"}],"wp:featuredmedia":[{"embeddable":true,"href":"https:\/\/smania.store\/rs\/wp-json\/wp\/v2\/media\/27297"}],"wp:attachment":[{"href":"https:\/\/smania.store\/rs\/wp-json\/wp\/v2\/media?parent=27305"}],"wp:term":[{"taxonomy":"product_cat","embeddable":true,"href":"https:\/\/smania.store\/rs\/wp-json\/wp\/v2\/product_cat?post=27305"},{"taxonomy":"product_tag","embeddable":true,"href":"https:\/\/smania.store\/rs\/wp-json\/wp\/v2\/product_tag?post=27305"}],"curies":[{"name":"wp","href":"https:\/\/api.w.org\/{rel}","templated":true}]}}