{"id":27241,"date":"2023-05-24T10:12:18","date_gmt":"2023-05-24T08:12:18","guid":{"rendered":"https:\/\/smania.store\/rs\/proizvod\/grandslam-tenis-oprema-za-trening-servisa\/"},"modified":"2025-09-09T14:55:10","modified_gmt":"2025-09-09T12:55:10","slug":"grandslam-tenis-oprema-za-trening-servisa","status":"publish","type":"product","link":"https:\/\/smania.store\/rs\/proizvod\/grandslam-tenis-oprema-za-trening-servisa\/","title":{"rendered":"Grandslam tenis oprema za trening servisa"},"content":{"rendered":"<div class=\"smania_landing_description_title\">NOVO! \ud83c\udfbe Grandslam tenis oprema za trening servisa<\/div>\n<div class=\"smania_landing_description_txt\">Usavr\u0161ite va\u0161 servis i impresionirajte svoje prijatelje! <\/div>\n<div class=\"smania_landing_description_subtitle\">Bez prestanka ve\u017ebajte zamah i servise novom Grandslam tenis opremom za trening servisa. Loptu odbijaju beskona\u010dni udarci, \u0161to pobolj\u0161ava va\u0161e zamahe, pove\u0107ava va\u0161u izdr\u017eljivost i ubrzava va\u0161e reflekse.<\/div>\n<div class=\"smania_landing_description_list\">\n<ul>\n<li>\u010cvrsta osnova koja stoji u mestu i pri najsna\u017enijim udarcima<\/li>\n<li>Odli\u010dna za decu i odrasle koji \u017eele brzi napredak<\/li>\n<li>Pogodna i prakti\u010dna \u2013 ve\u017ebajte bilo kad i bilo gde<\/li>\n<li>Jaka elasti\u010dna vrpca sa tenis lopticom na kraju<\/li>\n<\/ul><\/div>\n","protected":false},"excerpt":{"rendered":"<p>Lagana i prenosiva oprema za trening|Savr\u0161ena za solo trening|Pobolj\u0161ava reflekse i koordinaciju o\u010diju i ruku|Materijal: PVC, elasti\u010dna vrpca|Veli\u010dina: 23 \u00d7 15 \u00d7 6 cm|Du\u017eina vrpce: 3.7 m<\/p>\n","protected":false},"featured_media":27233,"template":"","meta":[],"product_cat":[21],"product_tag":[1571],"acf":[],"_links":{"self":[{"href":"https:\/\/smania.store\/rs\/wp-json\/wp\/v2\/product\/27241"}],"collection":[{"href":"https:\/\/smania.store\/rs\/wp-json\/wp\/v2\/product"}],"about":[{"href":"https:\/\/smania.store\/rs\/wp-json\/wp\/v2\/types\/product"}],"wp:featuredmedia":[{"embeddable":true,"href":"https:\/\/smania.store\/rs\/wp-json\/wp\/v2\/media\/27233"}],"wp:attachment":[{"href":"https:\/\/smania.store\/rs\/wp-json\/wp\/v2\/media?parent=27241"}],"wp:term":[{"taxonomy":"product_cat","embeddable":true,"href":"https:\/\/smania.store\/rs\/wp-json\/wp\/v2\/product_cat?post=27241"},{"taxonomy":"product_tag","embeddable":true,"href":"https:\/\/smania.store\/rs\/wp-json\/wp\/v2\/product_tag?post=27241"}],"curies":[{"name":"wp","href":"https:\/\/api.w.org\/{rel}","templated":true}]}}