{"id":27232,"date":"2023-05-24T10:11:00","date_gmt":"2023-05-24T08:11:00","guid":{"rendered":"https:\/\/smania.store\/rs\/proizvod\/solarna-vretenasta-lampa-ambilight\/"},"modified":"2025-07-05T13:05:16","modified_gmt":"2025-07-05T11:05:16","slug":"solarna-vretenasta-lampa-ambilight","status":"publish","type":"product","link":"https:\/\/smania.store\/rs\/proizvod\/solarna-vretenasta-lampa-ambilight\/","title":{"rendered":"Solarna vretenasta lampa AmbiLight"},"content":{"rendered":"<div class=\"smania_landing_description_title\">NOVO! Solarna vretenasta lampa AmbiLight<\/div>\n<div class=\"smania_landing_description_txt\">Dekori\u0161ite svoj vrt i stvorite \u017eivopisan ambijent!<\/div>\n<div class=\"smania_landing_description_subtitle\">Ulep\u0161ajte svoju ba\u0161tu sa prelepim AmbiLight solarnom vretenastom lampom koja menja boje i stvara magi\u010dnu atmosferu za vas i va\u0161e goste.<\/div>\n<div class=\"smania_landing_description_list\">\n<ul>\n<li>Emituje topli sjaj u \u010detiri boje<\/li>\n<li>Automatski se uklju\u010di na zalasku a gasi pri izlasku sunca<\/li>\n<li>Elegantna misti\u010dna dekoracija za dvori\u0161te<\/li>\n<li>Nema potrebe za dodatnim izvorom energije<\/li>\n<li>Dizajn vretena vas relaksira i stvara o\u010daravaju\u0107u atmosferu<\/li>\n<\/ul><\/div>\n","protected":false},"excerpt":{"rendered":"<p>Ekolo\u0161ko spolja\u0161nje osvetljenje|Nije potrebno dodatno napajanje|Rotira na vetru|Pogodna za vrtove, balkone i tremove|Sa prekida\u010dem uklju\u010di\/isklju\u010di|Izra\u0111ena od visokokvalitetnog ner\u0111aju\u0107eg \u010delika|Dimenzije: 35 \u00d7 15 cm|Izvor svetla: LED sijalica<\/p>\n","protected":false},"featured_media":27223,"template":"","meta":[],"product_cat":[16,1951,1934,1935,1955],"product_tag":[1485],"acf":[],"_links":{"self":[{"href":"https:\/\/smania.store\/rs\/wp-json\/wp\/v2\/product\/27232"}],"collection":[{"href":"https:\/\/smania.store\/rs\/wp-json\/wp\/v2\/product"}],"about":[{"href":"https:\/\/smania.store\/rs\/wp-json\/wp\/v2\/types\/product"}],"wp:featuredmedia":[{"embeddable":true,"href":"https:\/\/smania.store\/rs\/wp-json\/wp\/v2\/media\/27223"}],"wp:attachment":[{"href":"https:\/\/smania.store\/rs\/wp-json\/wp\/v2\/media?parent=27232"}],"wp:term":[{"taxonomy":"product_cat","embeddable":true,"href":"https:\/\/smania.store\/rs\/wp-json\/wp\/v2\/product_cat?post=27232"},{"taxonomy":"product_tag","embeddable":true,"href":"https:\/\/smania.store\/rs\/wp-json\/wp\/v2\/product_tag?post=27232"}],"curies":[{"name":"wp","href":"https:\/\/api.w.org\/{rel}","templated":true}]}}