{"id":27188,"date":"2023-05-24T10:05:12","date_gmt":"2023-05-24T08:05:12","guid":{"rendered":"https:\/\/smania.store\/rs\/proizvod\/upaljac-otporan-na-vetar-jetblaze\/"},"modified":"2025-12-22T17:58:20","modified_gmt":"2025-12-22T16:58:20","slug":"upaljac-otporan-na-vetar-jetblaze","status":"publish","type":"product","link":"https:\/\/smania.store\/rs\/proizvod\/upaljac-otporan-na-vetar-jetblaze\/","title":{"rendered":"Upalja\u010d otporan na vetar JetBlaze"},"content":{"rendered":"<div class=\"smania_landing_description_title\">KORISNO! Upalja\u010d otporan na vetar JetBlaze<\/div>\n<div class=\"smania_landing_description_txt\">Elegantan i prakti\u010dan upalja\u010d za svakodnevnu upotrebu!<\/div>\n<div class=\"smania_landing_description_subtitle\">Budite sigurni da \u0107ete impresionirati svoje prijatelje i porodicu ovim sofisticiranim, i korisnim ure\u0111ajem! Bilo da ste na otvorenom na vetru i ki\u0161i ili se odmarate unutra, JetBlaze upalja\u010d vas nikad ne\u0107e izneveriti.<\/div>\n<div class=\"smania_landing_description_list\">\n<ul>\n<li>Bezvremen izgled za svakog pravog gospodina<\/li>\n<li>Neverovatno pouzdan \u2013 podnosi sve vremenske uslove<\/li>\n<li>Visokokvalitetni i izdr\u017eljivi materijali<\/li>\n<li>Podesiva veli\u010dina plamena<\/li>\n<li>Savr\u0161en za sve prilike, od kampovanja do formalnog okupljanja<\/li>\n<\/ul><\/div>\n","protected":false},"excerpt":{"rendered":"<p>Elegantan i bezvremen izgled|Otporan na vetar|Podesiva veli\u010dina plamena|Dostupan u dve razli\u010dite boje|Lako se puni (butan gas nije uklju\u010den)|Te\u017eina: 170 g|Dimenzije: 170 \u00d7 35 mm |Materijal: legura metala<\/p>\n","protected":false},"featured_media":27181,"template":"","meta":[],"product_cat":[16,1951,1955],"product_tag":[1549],"acf":[],"_links":{"self":[{"href":"https:\/\/smania.store\/rs\/wp-json\/wp\/v2\/product\/27188"}],"collection":[{"href":"https:\/\/smania.store\/rs\/wp-json\/wp\/v2\/product"}],"about":[{"href":"https:\/\/smania.store\/rs\/wp-json\/wp\/v2\/types\/product"}],"wp:featuredmedia":[{"embeddable":true,"href":"https:\/\/smania.store\/rs\/wp-json\/wp\/v2\/media\/27181"}],"wp:attachment":[{"href":"https:\/\/smania.store\/rs\/wp-json\/wp\/v2\/media?parent=27188"}],"wp:term":[{"taxonomy":"product_cat","embeddable":true,"href":"https:\/\/smania.store\/rs\/wp-json\/wp\/v2\/product_cat?post=27188"},{"taxonomy":"product_tag","embeddable":true,"href":"https:\/\/smania.store\/rs\/wp-json\/wp\/v2\/product_tag?post=27188"}],"curies":[{"name":"wp","href":"https:\/\/api.w.org\/{rel}","templated":true}]}}