{"id":27136,"date":"2023-05-24T09:50:38","date_gmt":"2023-05-24T07:50:38","guid":{"rendered":"https:\/\/smania.store\/rs\/proizvod\/zidna-skulptura-dinosaurusa\/"},"modified":"2026-03-22T15:33:33","modified_gmt":"2026-03-22T14:33:33","slug":"zidna-skulptura-dinosaurusa","status":"publish","type":"product","link":"https:\/\/smania.store\/rs\/proizvod\/zidna-skulptura-dinosaurusa\/","title":{"rendered":"Zidna skulptura dinosaurusa"},"content":{"rendered":"<div class=\"smania_landing_description_title\">NOVO! Zidna skulptura dinosaurusa<\/div>\n<div class=\"smania_landing_description_txt\">Pazi! Dinosaurus!<\/div>\n<div class=\"smania_landing_description_subtitle\">Dizajnirana kao da probija va\u0161 zid, ova skulptura dinosaurusa je idealna dekoracija za sobu svakog ljubitelja dinosaurusa. Koristite metalne otvore na pole\u0111ini za ka\u010denje na zid i iznenadite va\u0161e posetioce.<\/div>\n<div class=\"smania_landing_description_list\">\n<ul>\n<li>Detaljan i realisti\u010dan dizajn dinosaurusa<\/li>\n<li>Laka instalacija \u2013 jednostavno se ka\u010di na zid<\/li>\n<li>Napravljena od visokokvalitetnog i izdr\u017eljivog smolastog materijala<\/li>\n<li>Pogodna za bilo koji zid u va\u0161oj ku\u0107i<\/li>\n<li>Odli\u010dan poklon za sve ljubitelje dinosaurusa<\/li>\n<\/ul><\/div>\n","protected":false},"excerpt":{"rendered":"<p>Realisti\u010dan dizajn dinosaurusa|Otvori na pole\u0111ini za lak\u0161u instalaciju|Ru\u010dno oslikan sa puno detalja|Savr\u0161ena ideja za poklon|Pogodna za svaki zid|Materijal: smola<\/p>\n","protected":false},"featured_media":27128,"template":"","meta":[],"product_cat":[16,1562],"product_tag":[1489],"acf":[],"_links":{"self":[{"href":"https:\/\/smania.store\/rs\/wp-json\/wp\/v2\/product\/27136"}],"collection":[{"href":"https:\/\/smania.store\/rs\/wp-json\/wp\/v2\/product"}],"about":[{"href":"https:\/\/smania.store\/rs\/wp-json\/wp\/v2\/types\/product"}],"wp:featuredmedia":[{"embeddable":true,"href":"https:\/\/smania.store\/rs\/wp-json\/wp\/v2\/media\/27128"}],"wp:attachment":[{"href":"https:\/\/smania.store\/rs\/wp-json\/wp\/v2\/media?parent=27136"}],"wp:term":[{"taxonomy":"product_cat","embeddable":true,"href":"https:\/\/smania.store\/rs\/wp-json\/wp\/v2\/product_cat?post=27136"},{"taxonomy":"product_tag","embeddable":true,"href":"https:\/\/smania.store\/rs\/wp-json\/wp\/v2\/product_tag?post=27136"}],"curies":[{"name":"wp","href":"https:\/\/api.w.org\/{rel}","templated":true}]}}