{"id":27111,"date":"2023-05-24T09:42:56","date_gmt":"2023-05-24T07:42:56","guid":{"rendered":"https:\/\/smania.store\/rs\/proizvod\/potisne-kopce-za-automobile\/"},"modified":"2026-03-09T10:56:05","modified_gmt":"2026-03-09T09:56:05","slug":"potisne-kopce-za-automobile","status":"publish","type":"product","link":"https:\/\/smania.store\/rs\/proizvod\/potisne-kopce-za-automobile\/","title":{"rendered":"Potisne kop\u010de za automobile"},"content":{"rendered":"<div class=\"smania_landing_description_title\">NOVO! Potisne kop\u010de za automobile<\/div>\n<div class=\"smania_landing_description_txt\">Zamenite svoje stare izlizane kop\u010de!<\/div>\n<div class=\"smania_landing_description_subtitle\">Odli\u010dna kolekcija od 415-delova auto pri\u010dvr\u0161\u0107iva\u010da, savr\u0161ena za hobi i mehani\u010dare. <\/div>\n<div class=\"smania_landing_description_list\">\n<ul>\n<li>Univerzalne kop\u010de koje odgovaraju svim modelima i markama automobila<\/li>\n<li>18 razli\u010ditih tipova pri\u010dvr\u0161\u0107iva\u010da i dr\u017ea\u010da<\/li>\n<li>Zamenite svoje stare izlizane kop\u010de na svim panelima karoserije va\u0161eg automobila<\/li>\n<li>Isporu\u010duju se u prakti\u010dnoj kutiji za bolju organizaciju<\/li>\n<\/ul><\/div>\n","protected":false},"excerpt":{"rendered":"<p>Set najkorisnijih pri\u010dvr\u0161\u0107iva\u010da i dr\u017ea\u010da|Koriste se za pri\u010dvr\u0161\u0107ivanje panela karoserije automobila|Neophodan alat za sve mehani\u010dare i auto entuzijaste|Kutija sadr\u017ei 415 delova|Materijal: Najlon|Te\u017eina: 0,5 kg<\/p>\n","protected":false},"featured_media":27103,"template":"","meta":[],"product_cat":[18],"product_tag":[1586,1551],"acf":[],"_links":{"self":[{"href":"https:\/\/smania.store\/rs\/wp-json\/wp\/v2\/product\/27111"}],"collection":[{"href":"https:\/\/smania.store\/rs\/wp-json\/wp\/v2\/product"}],"about":[{"href":"https:\/\/smania.store\/rs\/wp-json\/wp\/v2\/types\/product"}],"wp:featuredmedia":[{"embeddable":true,"href":"https:\/\/smania.store\/rs\/wp-json\/wp\/v2\/media\/27103"}],"wp:attachment":[{"href":"https:\/\/smania.store\/rs\/wp-json\/wp\/v2\/media?parent=27111"}],"wp:term":[{"taxonomy":"product_cat","embeddable":true,"href":"https:\/\/smania.store\/rs\/wp-json\/wp\/v2\/product_cat?post=27111"},{"taxonomy":"product_tag","embeddable":true,"href":"https:\/\/smania.store\/rs\/wp-json\/wp\/v2\/product_tag?post=27111"}],"curies":[{"name":"wp","href":"https:\/\/api.w.org\/{rel}","templated":true}]}}