{"id":27094,"date":"2023-05-24T09:32:56","date_gmt":"2023-05-24T07:32:56","guid":{"rendered":"https:\/\/smania.store\/rs\/proizvod\/loptasti-dodatak-za-ugaonu-brusilicu-concawood\/"},"modified":"2026-02-22T12:01:17","modified_gmt":"2026-02-22T11:01:17","slug":"loptasti-dodatak-za-ugaonu-brusilicu-concawood","status":"publish","type":"product","link":"https:\/\/smania.store\/rs\/proizvod\/loptasti-dodatak-za-ugaonu-brusilicu-concawood\/","title":{"rendered":"Loptasti dodatak za ugaonu brusilicu ConcaWood"},"content":{"rendered":"<div class=\"smania_landing_description_title\">Novo! Loptasti dodatak za ugaonu brusilicu ConcaWood<\/div>\n<div class=\"smania_landing_description_txt\">Jedinstven dodatak za jedinstvene drvene skulpture!<\/div>\n<div class=\"smania_landing_description_subtitle\">ConcaWood je loptasto oblikovani dodatak za brusilicu koji brzo mo\u017ee da izdubi konkavne povr\u0161ine u procesu obrade drveta. Dizajnirana da omogu\u0107i izuzetnu kontrolu, balans, i performanse u ru\u010dnom oblikovanju i rezbarenju drveta.<\/div>\n<div class=\"smania_landing_description_list\">\n<ul>\n<li>Savr\u0161eno za vajanje i rezbarenje glatkih udubljenja<\/li>\n<li>Stvara prelepu, glatku strukturu, na drvenim povr\u0161inama<\/li>\n<li>Izuzetno o\u0161tri zubi za efikasno rezanje<\/li>\n<li>Omogu\u0107ava izuzetnu kontrolu i performanse<\/li>\n<li>Pogodan za ugaone brusilice od 10 do14 mm navoja osovine<\/li>\n<\/ul><\/div>\n","protected":false},"excerpt":{"rendered":"<p>Idealan za rezbarenje slobodnih oblika|Stvara glatku povr\u0161inu|Udobno i jednbostavno za rad|Brzo, precizno, i kontrolisano rezanje drveta|Pogodan za ugaonu brusilicu od 10 do 14 mm navoja osovine|Pre\u010dnik glave: 40 mm|Du\u017eina: 108 mm|Materijal: ugljeni\u010dni \u010delik<\/p>\n","protected":false},"featured_media":27087,"template":"","meta":[],"product_cat":[222,1934],"product_tag":[1509],"acf":[],"_links":{"self":[{"href":"https:\/\/smania.store\/rs\/wp-json\/wp\/v2\/product\/27094"}],"collection":[{"href":"https:\/\/smania.store\/rs\/wp-json\/wp\/v2\/product"}],"about":[{"href":"https:\/\/smania.store\/rs\/wp-json\/wp\/v2\/types\/product"}],"wp:featuredmedia":[{"embeddable":true,"href":"https:\/\/smania.store\/rs\/wp-json\/wp\/v2\/media\/27087"}],"wp:attachment":[{"href":"https:\/\/smania.store\/rs\/wp-json\/wp\/v2\/media?parent=27094"}],"wp:term":[{"taxonomy":"product_cat","embeddable":true,"href":"https:\/\/smania.store\/rs\/wp-json\/wp\/v2\/product_cat?post=27094"},{"taxonomy":"product_tag","embeddable":true,"href":"https:\/\/smania.store\/rs\/wp-json\/wp\/v2\/product_tag?post=27094"}],"curies":[{"name":"wp","href":"https:\/\/api.w.org\/{rel}","templated":true}]}}