{"id":26426,"date":"2023-03-16T13:55:03","date_gmt":"2023-03-16T12:55:03","guid":{"rendered":"https:\/\/smania.store\/rs\/proizvod\/t-tap-konektori-za-zice\/"},"modified":"2026-02-03T03:31:01","modified_gmt":"2026-02-03T02:31:01","slug":"t-tap-konektori-za-zice","status":"publish","type":"product","link":"https:\/\/smania.store\/rs\/proizvod\/t-tap-konektori-za-zice\/","title":{"rendered":"T-tap konektori za \u017eice"},"content":{"rendered":"<div class=\"smania_landing_description_title\">NOVO! T-tap konektori za \u017eice<\/div>\n<div class=\"smania_landing_description_txt\">Obavezan pribor za sve elektro in\u017einjere!<\/div>\n<div class=\"smania_landing_description_subtitle\">Bez lemljenja, rezanja ili skidanja \u017eica za brzu intervenciju ili konekciju. T-tap konektori za \u017eice \u0107e brzo i bezbedno povezati dve \u017eice bez ikakvog napora! <\/div>\n<div class=\"smania_landing_description_list\">\n<ul>\n<li>Napravite stabilnu vezu izme\u0111u dve \u017eice<\/li>\n<li>Spre\u010dite kratki spoj \u017eica<\/li>\n<li>Razli\u010dite boje T-tap konektora za razli\u010dite tipove \u017eica (vi\u0161e info na gornjim slikama)<\/li>\n<li>Savr\u0161eni za brzu popravku<\/li>\n<li>Nema vi\u0161e lemljenja<\/li>\n<li>Set sadr\u017ei 240 komada<\/li>\n<\/ul><\/div>\n","protected":false},"excerpt":{"rendered":"<p>Set sadr\u017ei 2 \u00d7 40 konektora od svake boje|Maksimalna radna temperatura: 105\u00b0C|Isporu\u010duje se u prakti\u010dnoj kutiji|Materijal: Bakar, najlon, beli lim|Veli\u010dina \u017eute \u017eice: 4\u20136 mm\u00b2|Veli\u010dina crvene \u017eice: 0.5\u20131.5 mm\u00b2|Veli\u010dina plave \u017eice: 1.5\u20132.5 mm\u00b2<\/p>\n","protected":false},"featured_media":26416,"template":"","meta":[],"product_cat":[222],"product_tag":[1769],"acf":[],"_links":{"self":[{"href":"https:\/\/smania.store\/rs\/wp-json\/wp\/v2\/product\/26426"}],"collection":[{"href":"https:\/\/smania.store\/rs\/wp-json\/wp\/v2\/product"}],"about":[{"href":"https:\/\/smania.store\/rs\/wp-json\/wp\/v2\/types\/product"}],"wp:featuredmedia":[{"embeddable":true,"href":"https:\/\/smania.store\/rs\/wp-json\/wp\/v2\/media\/26416"}],"wp:attachment":[{"href":"https:\/\/smania.store\/rs\/wp-json\/wp\/v2\/media?parent=26426"}],"wp:term":[{"taxonomy":"product_cat","embeddable":true,"href":"https:\/\/smania.store\/rs\/wp-json\/wp\/v2\/product_cat?post=26426"},{"taxonomy":"product_tag","embeddable":true,"href":"https:\/\/smania.store\/rs\/wp-json\/wp\/v2\/product_tag?post=26426"}],"curies":[{"name":"wp","href":"https:\/\/api.w.org\/{rel}","templated":true}]}}