{"id":26415,"date":"2023-03-16T13:54:21","date_gmt":"2023-03-16T12:54:21","guid":{"rendered":"https:\/\/smania.store\/rs\/proizvod\/set-dijamantskih-burgija-za-mokro-busenje-tileexpert\/"},"modified":"2025-04-04T19:53:12","modified_gmt":"2025-04-04T17:53:12","slug":"set-dijamantskih-burgija-za-mokro-busenje-tileexpert","status":"publish","type":"product","link":"https:\/\/smania.store\/rs\/proizvod\/set-dijamantskih-burgija-za-mokro-busenje-tileexpert\/","title":{"rendered":"Set dijamantskih burgija za mokro bu\u0161enje TileExpert"},"content":{"rendered":"<div class=\"smania_landing_description_title\">NOVO! Set dijamantskih burgija za mokro bu\u0161enje TileExpert<\/div>\n<div class=\"smania_landing_description_txt\">Uvek savr\u0161eno izbu\u0161en krug!<\/div>\n<div class=\"smania_landing_description_subtitle\">Svaki profesionalni kerami\u010dar preporu\u010duje TileExpert dijamantske burgije za bu\u0161ilicu. Uz pomo\u0107 vode sa lako\u0107om bu\u0161e porcelan, granit, mermer i staklo, ostavljaju\u0107i glatke ivice.<\/div>\n<div class=\"smania_landing_description_list\">\n<ul>\n<li>11-kom set: 6, 8, 10, 12, 14, 16, 18, 22, 35, 40, 50 mm<\/li>\n<li>Dijamantska obloga daje superine rezultate i stabilno bu\u0161enje<\/li>\n<li>Visokokvalitetni materijali za efikasno bu\u0161enje<\/li>\n<li>Upotreba vode za hla\u0111enje znatno produ\u017eava trajanje burgija<\/li>\n<li>Koristi se sa standardnom elektri\u010dnom bu\u0161ilicom<\/li>\n<\/ul><\/div>\n","protected":false},"excerpt":{"rendered":"<p>Set burgija za mokro bu\u0161enje|Dijamantska obloga|Pre\u010dnik burgije: 6\u201350 mm|Koristi se sa elektri\u010dnom bu\u0161ilicom|Visokokvalitetni materijali|Savr\u0161en poklon za sve Uradi sam entuzijaste<\/p>\n","protected":false},"featured_media":26407,"template":"","meta":[],"product_cat":[222],"product_tag":[1509],"acf":[],"_links":{"self":[{"href":"https:\/\/smania.store\/rs\/wp-json\/wp\/v2\/product\/26415"}],"collection":[{"href":"https:\/\/smania.store\/rs\/wp-json\/wp\/v2\/product"}],"about":[{"href":"https:\/\/smania.store\/rs\/wp-json\/wp\/v2\/types\/product"}],"wp:featuredmedia":[{"embeddable":true,"href":"https:\/\/smania.store\/rs\/wp-json\/wp\/v2\/media\/26407"}],"wp:attachment":[{"href":"https:\/\/smania.store\/rs\/wp-json\/wp\/v2\/media?parent=26415"}],"wp:term":[{"taxonomy":"product_cat","embeddable":true,"href":"https:\/\/smania.store\/rs\/wp-json\/wp\/v2\/product_cat?post=26415"},{"taxonomy":"product_tag","embeddable":true,"href":"https:\/\/smania.store\/rs\/wp-json\/wp\/v2\/product_tag?post=26415"}],"curies":[{"name":"wp","href":"https:\/\/api.w.org\/{rel}","templated":true}]}}