{"id":26350,"date":"2023-03-16T13:45:12","date_gmt":"2023-03-16T12:45:12","guid":{"rendered":"https:\/\/smania.store\/rs\/proizvod\/ab-visece-trake-za-trening-homegym\/"},"modified":"2026-01-20T22:49:04","modified_gmt":"2026-01-20T21:49:04","slug":"ab-visece-trake-za-trening-homegym","status":"publish","type":"product","link":"https:\/\/smania.store\/rs\/proizvod\/ab-visece-trake-za-trening-homegym\/","title":{"rendered":"Ab Vise\u0107e trake za trening HomeGym"},"content":{"rendered":"<div class=\"smania_landing_description_title\">NOVO! Ab vise\u0107e trake za trening HomeGym<\/div>\n<div class=\"smania_landing_description_txt\">Istegnite se za \u010das!<\/div>\n<div class=\"smania_landing_description_subtitle\">Za dobijanje forme treba dosta vremena i discipline. Vise\u0107e trake za trening HomeGym nude jednostavnu opciju za trening i dove\u0161\u0107e vas u formu brzo, u udobnosti va\u0161eg doma. <\/div>\n<div class=\"smania_landing_description_list\">\n<ul>\n<li>Smanjuju optere\u0107enje na va\u0161e zglobove tokom treninga<\/li>\n<li>Oblo\u017eene debelom podstavom za ve\u0107u udobnost <\/li>\n<li>Jake i pouzdane kuke sa kop\u010dom za ve\u0107u bezbednost<\/li>\n<li>\u010cvrste i izdr\u017eljive trake za ve\u0107e optere\u0107enje<\/li>\n<li>Nosite ih svuda sa sobom i ne propustite ni jedan dan bez treninga<\/li>\n<\/ul><\/div>\n","protected":false},"excerpt":{"rendered":"<p>Bez optere\u0107enja za va\u0161e zglobove|Odli\u010dne za trening gornjeg dela tela|Lako se pri\u010dvrste na bilo koju jaku \u0161inu|Maksimalan kapacitet optere\u0107enja: 150 kg|Dimenzije: 50 \u00d7 19 cm|Materijal: poliester, najlon, metal|Pakovanje sadr\u017ei: 1\u00d7 par vise\u0107ih traka i 2 kuke sa kop\u010dom<\/p>\n","protected":false},"featured_media":26340,"template":"","meta":[],"product_cat":[21],"product_tag":[1545],"acf":[],"_links":{"self":[{"href":"https:\/\/smania.store\/rs\/wp-json\/wp\/v2\/product\/26350"}],"collection":[{"href":"https:\/\/smania.store\/rs\/wp-json\/wp\/v2\/product"}],"about":[{"href":"https:\/\/smania.store\/rs\/wp-json\/wp\/v2\/types\/product"}],"wp:featuredmedia":[{"embeddable":true,"href":"https:\/\/smania.store\/rs\/wp-json\/wp\/v2\/media\/26340"}],"wp:attachment":[{"href":"https:\/\/smania.store\/rs\/wp-json\/wp\/v2\/media?parent=26350"}],"wp:term":[{"taxonomy":"product_cat","embeddable":true,"href":"https:\/\/smania.store\/rs\/wp-json\/wp\/v2\/product_cat?post=26350"},{"taxonomy":"product_tag","embeddable":true,"href":"https:\/\/smania.store\/rs\/wp-json\/wp\/v2\/product_tag?post=26350"}],"curies":[{"name":"wp","href":"https:\/\/api.w.org\/{rel}","templated":true}]}}