{"id":26258,"date":"2023-03-16T13:39:16","date_gmt":"2023-03-16T12:39:16","guid":{"rendered":"https:\/\/smania.store\/rs\/proizvod\/vodootporni-plazma-upaljac-wildarc\/"},"modified":"2026-05-07T19:29:37","modified_gmt":"2026-05-07T17:29:37","slug":"vodootporni-plazma-upaljac-wildarc","status":"publish","type":"product","link":"https:\/\/smania.store\/rs\/proizvod\/vodootporni-plazma-upaljac-wildarc\/","title":{"rendered":"Vodootporni plazma upalja\u010d WildArc"},"content":{"rendered":"<div class=\"smania_landing_description_title\">NOVO! Vodootporni plazma upalja\u010d WildArc<\/div>\n<div class=\"smania_landing_description_txt\">Upalite vatru na Jedi na\u010din!<\/div>\n<div class=\"smania_landing_description_subtitle\">Bilo da \u017eelite da upalite vatru u kampu na vetru ili upalite sve\u0107u za romanti\u010dnu atmosferu, WildArc \u0107e to odraditi. Ovaj jedinstveni vodootporni plazma upalja\u010d koristi dualnu tehnologiju lu\u010dnu tehnologiju koja vam daje \u010dist plamen svaki put.<\/div>\n<div class=\"smania_landing_description_list\">\n<ul>\n<li>X-oblikovani plazma lukovi koji upale vatru i na jakom vetru<\/li>\n<li>Osiguran zatvara\u010d ga \u010dini potpuno vodonepropustivim<\/li>\n<li>Gumirana \u0161asija za sveobuhvatno trajanje<\/li>\n<li>Jednostavno uklju\u010dite u bilo koji USB port za brzo punjenje<\/li>\n<li>Odli\u010dan za avanture napolju ili za ku\u0107nu upotrebu<\/li>\n<\/ul><\/div>\n","protected":false},"excerpt":{"rendered":"<p>IP56 vodootporan|USB-punjenje|Lagan i prenosiv|Radi u svim vremenskim uslovima|\u010cvrst i izdr\u017eljiv|Gumirana \u0161asija|Paket sadr\u017ei: plazma upalja\u010d, USB kabl, konopac, i kutija|Nije potreban gas ili ulje<\/p>\n","protected":false},"featured_media":26251,"template":"","meta":[],"product_cat":[1951,1935,1955,21],"product_tag":[1582],"acf":[],"_links":{"self":[{"href":"https:\/\/smania.store\/rs\/wp-json\/wp\/v2\/product\/26258"}],"collection":[{"href":"https:\/\/smania.store\/rs\/wp-json\/wp\/v2\/product"}],"about":[{"href":"https:\/\/smania.store\/rs\/wp-json\/wp\/v2\/types\/product"}],"wp:featuredmedia":[{"embeddable":true,"href":"https:\/\/smania.store\/rs\/wp-json\/wp\/v2\/media\/26251"}],"wp:attachment":[{"href":"https:\/\/smania.store\/rs\/wp-json\/wp\/v2\/media?parent=26258"}],"wp:term":[{"taxonomy":"product_cat","embeddable":true,"href":"https:\/\/smania.store\/rs\/wp-json\/wp\/v2\/product_cat?post=26258"},{"taxonomy":"product_tag","embeddable":true,"href":"https:\/\/smania.store\/rs\/wp-json\/wp\/v2\/product_tag?post=26258"}],"curies":[{"name":"wp","href":"https:\/\/api.w.org\/{rel}","templated":true}]}}