{"id":26250,"date":"2023-03-16T13:38:25","date_gmt":"2023-03-16T12:38:25","guid":{"rendered":"https:\/\/smania.store\/rs\/proizvod\/viper-force-fokuseri\/"},"modified":"2026-02-17T18:19:02","modified_gmt":"2026-02-17T17:19:02","slug":"viper-force-fokuseri","status":"publish","type":"product","link":"https:\/\/smania.store\/rs\/proizvod\/viper-force-fokuseri\/","title":{"rendered":"Viper Force fokuseri"},"content":{"rendered":"<div class=\"smania_landing_description_title\">NOVO! Viper Force fokuseri<\/div>\n<div class=\"smania_landing_description_txt\">Trenirajte svoje udarce brzinom poskoka!<\/div>\n<div class=\"smania_landing_description_subtitle\">Pobolj\u0161ajte svoju izdr\u017eljivost i preciznost novim Viper Force fokuserima. Najbolji na\u010din da osna\u017eite svoj udarac, direkt i kro\u0161e za brzu i odlu\u010dnu pobedu. <\/div>\n<div class=\"smania_landing_description_list\">\n<ul>\n<li>Obavezna trening sprava za sve borce<\/li>\n<li>Savr\u0161ena za sve vrste borila\u010dkih tehnika<\/li>\n<li>Univerzalna veli\u010dina sa podesivim trakama<\/li>\n<li>Visokokvalitetni jastu\u010di\u0107i za maksimalno ubla\u017eavanje udaraca<\/li>\n<li>Lagani i izdr\u017eljivi<\/li>\n<\/ul><\/div>\n","protected":false},"excerpt":{"rendered":"<p>Neizostavna trening oprema za sve boksere|Trenirajte svoju brzinu i preciznost|Savr\u0161eni i za ku\u0107nu upotrebu i za teretanu|Unutra\u0161njost od mekane pene otporne na udarce|Materijal: PU ko\u017ea|Veli\u010dina: 5 \u00d7 19 \u00d7 25 cm<\/p>\n","protected":false},"featured_media":27068,"template":"","meta":[],"product_cat":[21],"product_tag":[1545],"acf":[],"_links":{"self":[{"href":"https:\/\/smania.store\/rs\/wp-json\/wp\/v2\/product\/26250"}],"collection":[{"href":"https:\/\/smania.store\/rs\/wp-json\/wp\/v2\/product"}],"about":[{"href":"https:\/\/smania.store\/rs\/wp-json\/wp\/v2\/types\/product"}],"wp:featuredmedia":[{"embeddable":true,"href":"https:\/\/smania.store\/rs\/wp-json\/wp\/v2\/media\/27068"}],"wp:attachment":[{"href":"https:\/\/smania.store\/rs\/wp-json\/wp\/v2\/media?parent=26250"}],"wp:term":[{"taxonomy":"product_cat","embeddable":true,"href":"https:\/\/smania.store\/rs\/wp-json\/wp\/v2\/product_cat?post=26250"},{"taxonomy":"product_tag","embeddable":true,"href":"https:\/\/smania.store\/rs\/wp-json\/wp\/v2\/product_tag?post=26250"}],"curies":[{"name":"wp","href":"https:\/\/api.w.org\/{rel}","templated":true}]}}